{"id":348,"date":"2023-05-23T11:02:05","date_gmt":"2023-05-23T09:02:05","guid":{"rendered":"https:\/\/behr.sk\/citroen\/dunajska-streda\/?page_id=348"},"modified":"2023-06-12T09:41:45","modified_gmt":"2023-06-12T07:41:45","slug":"financovanie","status":"publish","type":"page","link":"https:\/\/behr.sk\/citroen\/dunajska-streda\/financovanie\/","title":{"rendered":"Financovanie"},"content":{"rendered":"<section class=\"l-section wpb_row height_medium\"><div class=\"l-section-h i-cf\"><div class=\"g-cols vc_row via_grid cols_1 laptops-cols_inherit tablets-cols_inherit mobiles-cols_1 valign_top type_default stacking_default\"><div class=\"wpb_column vc_column_container\"><div class=\"vc_column-inner\"><h1 class=\"w-text us_custom_eb849559\"><span class=\"w-text-h\"><span class=\"w-text-value\">Financovanie<\/span><\/span><\/h1><div class=\"wpb_text_column\"><div class=\"wpb_wrapper\"><p style=\"text-align: center;\">Formou leasingov\u00fdch spolo\u010dnost\u00ed V\u00e1m zabezpe\u010d\u00edme optim\u00e1lne financovanie za v\u00fdhodn\u00fdch podmienok. Na po\u017eiadanie V\u00e1m vyhotov\u00edme predbe\u017en\u00fa kalkul\u00e1cia pod\u013ea Va\u0161ich po\u017eiadaviek.<\/p>\n<\/div><\/div><div class=\"w-separator size_medium\"><\/div><div class=\"g-cols wpb_row via_grid cols_1-4-1 laptops-cols_inherit tablets-cols_inherit mobiles-cols_1 valign_top type_default stacking_default\" style=\"--columns-gap:3rem;\"><div class=\"wpb_column vc_column_container hide_on_tablets hide_on_mobiles\"><div class=\"vc_column-inner\"><\/div><\/div><div class=\"wpb_column vc_column_container us_custom_21f5b9d0 has_bg_color\"><div class=\"vc_column-inner\">\n<div class=\"wpcf7 no-js\" id=\"wpcf7-f7-o1\" lang=\"sk-SK\" dir=\"ltr\" data-wpcf7-id=\"7\">\n<div class=\"screen-reader-response\"><p role=\"status\" aria-live=\"polite\" aria-atomic=\"true\"><\/p> <ul><\/ul><\/div>\n<form action=\"\/citroen\/dunajska-streda\/wp-json\/wp\/v2\/pages\/348#wpcf7-f7-o1\" method=\"post\" class=\"wpcf7-form init\" aria-label=\"Kontaktn\u00fd formul\u00e1r\" novalidate=\"novalidate\" data-status=\"init\">\n<fieldset class=\"hidden-fields-container\"><input type=\"hidden\" name=\"_wpcf7\" value=\"7\" \/><input type=\"hidden\" name=\"_wpcf7_version\" value=\"6.1.4\" \/><input type=\"hidden\" name=\"_wpcf7_locale\" value=\"sk_SK\" \/><input type=\"hidden\" name=\"_wpcf7_unit_tag\" value=\"wpcf7-f7-o1\" \/><input type=\"hidden\" name=\"_wpcf7_container_post\" value=\"0\" \/><input type=\"hidden\" name=\"_wpcf7_posted_data_hash\" value=\"\" \/><input type=\"hidden\" name=\"_wpcf7dtx_version\" value=\"5.0.4\" \/>\n<\/fieldset>\n<div class=\"otherColumns\">\n\t<p><span class=\"wpcf7-form-control-wrap\" data-name=\"your-name\"><input size=\"40\" maxlength=\"400\" class=\"wpcf7-form-control wpcf7-text wpcf7-validates-as-required\" aria-required=\"true\" aria-invalid=\"false\" placeholder=\"Meno a priezvisko*\" value=\"\" type=\"text\" name=\"your-name\" \/><\/span>\n\t<\/p>\n<\/div>\n<div class=\"columnHalf\">\n\t<p><span class=\"wpcf7-form-control-wrap\" data-name=\"your-email\"><input size=\"40\" maxlength=\"400\" class=\"wpcf7-form-control wpcf7-email wpcf7-validates-as-required wpcf7-text wpcf7-validates-as-email\" aria-required=\"true\" aria-invalid=\"false\" placeholder=\"Emailov\u00e1 adresa*\" value=\"\" type=\"email\" name=\"your-email\" \/><\/span>\n\t<\/p>\n<\/div>\n<div class=\"columnHalf\">\n\t<p><span class=\"wpcf7-form-control-wrap\" data-name=\"telefon\"><input size=\"40\" maxlength=\"400\" class=\"wpcf7-form-control wpcf7-tel wpcf7-validates-as-required wpcf7-text wpcf7-validates-as-tel\" aria-required=\"true\" aria-invalid=\"false\" placeholder=\"Telef\u00f3n*\" value=\"\" type=\"tel\" name=\"telefon\" \/><\/span>\n\t<\/p>\n<\/div>\n<div class=\"otherColumns\">\n\t<p><span class=\"wpcf7-form-control-wrap\" data-name=\"your-message\"><textarea cols=\"40\" rows=\"10\" maxlength=\"2000\" class=\"wpcf7-form-control wpcf7-textarea\" aria-invalid=\"false\" placeholder=\"Va\u0161a spr\u00e1va...\" name=\"your-message\"><\/textarea><\/span>\n\t<\/p>\n<\/div>\n<div class=\"otherColumns\">\n\t<p><span class=\"wpcf7-form-control-wrap\" data-name=\"acceptance-432\"><span class=\"wpcf7-form-control wpcf7-acceptance\"><span class=\"wpcf7-list-item\"><label><input type=\"checkbox\" name=\"acceptance-432\" value=\"1\" aria-invalid=\"false\" \/><span class=\"wpcf7-list-item-label\">Zaslan\u00edm \u017eiadosti potvrdzujem, \u017ee som sa obozn\u00e1mil(a) so z\u00e1sadami sprac\u00favania osobn\u00fdch \u00fadajov<\/span><\/label><\/span><\/span><\/span>\n\t<\/p>\n<\/div>\n<p><input class=\"wpcf7-form-control wpcf7-cf7rfr_referrer cf7-rfr\" value=\"\" type=\"hidden\" name=\"page-of-origin\" \/>\n<\/p>\n<input class=\"wpcf7-form-control wpcf7-hidden\" value=\"DS\" type=\"hidden\" name=\"text\" \/>\n<div class=\"otherColumns\">\n\t<p><input class=\"wpcf7-form-control wpcf7-submit has-spinner\" type=\"submit\" value=\"Odosla\u0165\" \/>\n\t<\/p>\n<\/div><div class=\"wpcf7-response-output\" aria-hidden=\"true\"><\/div>\n<\/form>\n<\/div>\n<\/div><\/div><div class=\"wpb_column vc_column_container hide_on_tablets hide_on_mobiles\"><div class=\"vc_column-inner\"><\/div><\/div><\/div><\/div><\/div><\/div><\/div><\/section>\n","protected":false},"excerpt":{"rendered":"FinancovanieFormou leasingov\u00fdch spolo\u010dnost\u00ed V\u00e1m zabezpe\u010d\u00edme optim\u00e1lne financovanie za v\u00fdhodn\u00fdch podmienok. Na po\u017eiadanie V\u00e1m vyhotov\u00edme predbe\u017en\u00fa kalkul\u00e1cia pod\u013ea Va\u0161ich po\u017eiadaviek. Zaslan\u00edm \u017eiadosti potvrdzujem, \u017ee som sa obozn\u00e1mil(a) so z\u00e1sadami sprac\u00favania osobn\u00fdch \u00fadajov","protected":false},"author":1,"featured_media":0,"parent":0,"menu_order":0,"comment_status":"closed","ping_status":"closed","template":"","meta":{"_acf_changed":false,"footnotes":""},"class_list":["post-348","page","type-page","status-publish","hentry"],"acf":[],"yoast_head":"<!-- This site is optimized with the Yoast SEO plugin v26.8 - https:\/\/yoast.com\/product\/yoast-seo-wordpress\/ -->\n<title>Financovanie - Citroen BEHR Dunajsk\u00e1 Streda<\/title>\n<meta name=\"robots\" content=\"index, follow, max-snippet:-1, max-image-preview:large, max-video-preview:-1\" \/>\n<link rel=\"canonical\" href=\"https:\/\/behr.sk\/citroen\/dunajska-streda\/financovanie\/\" \/>\n<meta property=\"og:locale\" content=\"sk_SK\" \/>\n<meta property=\"og:type\" content=\"article\" \/>\n<meta property=\"og:title\" content=\"Financovanie - Citroen BEHR Dunajsk\u00e1 Streda\" \/>\n<meta property=\"og:url\" content=\"https:\/\/behr.sk\/citroen\/dunajska-streda\/financovanie\/\" \/>\n<meta property=\"og:site_name\" content=\"Citroen BEHR Dunajsk\u00e1 Streda\" \/>\n<meta property=\"article:modified_time\" content=\"2023-06-12T07:41:45+00:00\" \/>\n<meta name=\"twitter:card\" content=\"summary_large_image\" \/>\n<meta name=\"twitter:label1\" content=\"Predpokladan\u00fd \u010das \u010d\u00edtania\" \/>\n\t<meta name=\"twitter:data1\" content=\"1 min\u00fata\" \/>\n<script type=\"application\/ld+json\" class=\"yoast-schema-graph\">{\"@context\":\"https:\/\/schema.org\",\"@graph\":[{\"@type\":\"WebPage\",\"@id\":\"https:\/\/behr.sk\/citroen\/dunajska-streda\/financovanie\/\",\"url\":\"https:\/\/behr.sk\/citroen\/dunajska-streda\/financovanie\/\",\"name\":\"Financovanie - Citroen BEHR Dunajsk\u00e1 Streda\",\"isPartOf\":{\"@id\":\"https:\/\/behr.sk\/citroen\/dunajska-streda\/#website\"},\"datePublished\":\"2023-05-23T09:02:05+00:00\",\"dateModified\":\"2023-06-12T07:41:45+00:00\",\"breadcrumb\":{\"@id\":\"https:\/\/behr.sk\/citroen\/dunajska-streda\/financovanie\/#breadcrumb\"},\"inLanguage\":\"sk-SK\",\"potentialAction\":[{\"@type\":\"ReadAction\",\"target\":[\"https:\/\/behr.sk\/citroen\/dunajska-streda\/financovanie\/\"]}]},{\"@type\":\"BreadcrumbList\",\"@id\":\"https:\/\/behr.sk\/citroen\/dunajska-streda\/financovanie\/#breadcrumb\",\"itemListElement\":[{\"@type\":\"ListItem\",\"position\":1,\"name\":\"Domovsk\u00e1 str\u00e1nka\",\"item\":\"https:\/\/behr.sk\/citroen\/dunajska-streda\/\"},{\"@type\":\"ListItem\",\"position\":2,\"name\":\"Financovanie\"}]},{\"@type\":\"WebSite\",\"@id\":\"https:\/\/behr.sk\/citroen\/dunajska-streda\/#website\",\"url\":\"https:\/\/behr.sk\/citroen\/dunajska-streda\/\",\"name\":\"Citroen BEHR Dunajsk\u00e1 Streda\",\"description\":\"\",\"potentialAction\":[{\"@type\":\"SearchAction\",\"target\":{\"@type\":\"EntryPoint\",\"urlTemplate\":\"https:\/\/behr.sk\/citroen\/dunajska-streda\/?s={search_term_string}\"},\"query-input\":{\"@type\":\"PropertyValueSpecification\",\"valueRequired\":true,\"valueName\":\"search_term_string\"}}],\"inLanguage\":\"sk-SK\"}]}<\/script>\n<!-- \/ Yoast SEO plugin. -->","yoast_head_json":{"title":"Financovanie - Citroen BEHR Dunajsk\u00e1 Streda","robots":{"index":"index","follow":"follow","max-snippet":"max-snippet:-1","max-image-preview":"max-image-preview:large","max-video-preview":"max-video-preview:-1"},"canonical":"https:\/\/behr.sk\/citroen\/dunajska-streda\/financovanie\/","og_locale":"sk_SK","og_type":"article","og_title":"Financovanie - Citroen BEHR Dunajsk\u00e1 Streda","og_url":"https:\/\/behr.sk\/citroen\/dunajska-streda\/financovanie\/","og_site_name":"Citroen BEHR Dunajsk\u00e1 Streda","article_modified_time":"2023-06-12T07:41:45+00:00","twitter_card":"summary_large_image","twitter_misc":{"Predpokladan\u00fd \u010das \u010d\u00edtania":"1 min\u00fata"},"schema":{"@context":"https:\/\/schema.org","@graph":[{"@type":"WebPage","@id":"https:\/\/behr.sk\/citroen\/dunajska-streda\/financovanie\/","url":"https:\/\/behr.sk\/citroen\/dunajska-streda\/financovanie\/","name":"Financovanie - Citroen BEHR Dunajsk\u00e1 Streda","isPartOf":{"@id":"https:\/\/behr.sk\/citroen\/dunajska-streda\/#website"},"datePublished":"2023-05-23T09:02:05+00:00","dateModified":"2023-06-12T07:41:45+00:00","breadcrumb":{"@id":"https:\/\/behr.sk\/citroen\/dunajska-streda\/financovanie\/#breadcrumb"},"inLanguage":"sk-SK","potentialAction":[{"@type":"ReadAction","target":["https:\/\/behr.sk\/citroen\/dunajska-streda\/financovanie\/"]}]},{"@type":"BreadcrumbList","@id":"https:\/\/behr.sk\/citroen\/dunajska-streda\/financovanie\/#breadcrumb","itemListElement":[{"@type":"ListItem","position":1,"name":"Domovsk\u00e1 str\u00e1nka","item":"https:\/\/behr.sk\/citroen\/dunajska-streda\/"},{"@type":"ListItem","position":2,"name":"Financovanie"}]},{"@type":"WebSite","@id":"https:\/\/behr.sk\/citroen\/dunajska-streda\/#website","url":"https:\/\/behr.sk\/citroen\/dunajska-streda\/","name":"Citroen BEHR Dunajsk\u00e1 Streda","description":"","potentialAction":[{"@type":"SearchAction","target":{"@type":"EntryPoint","urlTemplate":"https:\/\/behr.sk\/citroen\/dunajska-streda\/?s={search_term_string}"},"query-input":{"@type":"PropertyValueSpecification","valueRequired":true,"valueName":"search_term_string"}}],"inLanguage":"sk-SK"}]}},"_links":{"self":[{"href":"https:\/\/behr.sk\/citroen\/dunajska-streda\/wp-json\/wp\/v2\/pages\/348","targetHints":{"allow":["GET"]}}],"collection":[{"href":"https:\/\/behr.sk\/citroen\/dunajska-streda\/wp-json\/wp\/v2\/pages"}],"about":[{"href":"https:\/\/behr.sk\/citroen\/dunajska-streda\/wp-json\/wp\/v2\/types\/page"}],"author":[{"embeddable":true,"href":"https:\/\/behr.sk\/citroen\/dunajska-streda\/wp-json\/wp\/v2\/users\/1"}],"replies":[{"embeddable":true,"href":"https:\/\/behr.sk\/citroen\/dunajska-streda\/wp-json\/wp\/v2\/comments?post=348"}],"version-history":[{"count":5,"href":"https:\/\/behr.sk\/citroen\/dunajska-streda\/wp-json\/wp\/v2\/pages\/348\/revisions"}],"predecessor-version":[{"id":829,"href":"https:\/\/behr.sk\/citroen\/dunajska-streda\/wp-json\/wp\/v2\/pages\/348\/revisions\/829"}],"wp:attachment":[{"href":"https:\/\/behr.sk\/citroen\/dunajska-streda\/wp-json\/wp\/v2\/media?parent=348"}],"curies":[{"name":"wp","href":"https:\/\/api.w.org\/{rel}","templated":true}]}}