{"id":356,"date":"2023-05-23T11:05:32","date_gmt":"2023-05-23T09:05:32","guid":{"rendered":"https:\/\/behr.sk\/citroen\/dunajska-streda\/?page_id=356"},"modified":"2023-06-02T12:49:31","modified_gmt":"2023-06-02T10:49:31","slug":"testovacia-jazda","status":"publish","type":"page","link":"https:\/\/behr.sk\/citroen\/dunajska-streda\/testovacia-jazda\/","title":{"rendered":"Testovacia jazda"},"content":{"rendered":"<section class=\"l-section wpb_row us_custom_0240b5f1 height_medium\"><div class=\"l-section-h i-cf\"><div class=\"g-cols vc_row via_grid cols_1 laptops-cols_inherit tablets-cols_inherit mobiles-cols_1 valign_top type_default stacking_default\"><div class=\"wpb_column vc_column_container\"><div class=\"vc_column-inner\"><h1 class=\"w-text us_custom_eb849559\"><span class=\"w-text-h\"><span class=\"w-text-value\">Testovacia jazda<\/span><\/span><\/h1><div class=\"wpb_text_column\"><div class=\"wpb_wrapper\"><p style=\"text-align: center;\">Pr\u00ed\u010fte si vysk\u00fa\u0161a\u0165 va\u0161e nov\u00e9 auto a rezervujte si svoju testovaciu jazdu e\u0161te dnes.<\/p>\n<\/div><\/div><div class=\"w-separator size_small\"><\/div><div class=\"g-cols wpb_row via_grid cols_1-4-1 laptops-cols_inherit tablets-cols_inherit mobiles-cols_1 valign_top type_default stacking_default\" style=\"--columns-gap:3rem;\"><div class=\"wpb_column vc_column_container hide_on_tablets hide_on_mobiles\"><div class=\"vc_column-inner\"><\/div><\/div><div class=\"wpb_column vc_column_container us_custom_0555021d has_bg_color\"><div class=\"vc_column-inner\">\n<div class=\"wpcf7 no-js\" id=\"wpcf7-f678-o1\" lang=\"sk-SK\" dir=\"ltr\" data-wpcf7-id=\"678\">\n<div class=\"screen-reader-response\"><p role=\"status\" aria-live=\"polite\" aria-atomic=\"true\"><\/p> <ul><\/ul><\/div>\n<form action=\"\/citroen\/dunajska-streda\/wp-json\/wp\/v2\/pages\/356#wpcf7-f678-o1\" method=\"post\" class=\"wpcf7-form init\" aria-label=\"Kontaktn\u00fd formul\u00e1r\" novalidate=\"novalidate\" data-status=\"init\">\n<fieldset class=\"hidden-fields-container\"><input type=\"hidden\" name=\"_wpcf7\" value=\"678\" \/><input type=\"hidden\" name=\"_wpcf7_version\" value=\"6.1.4\" \/><input type=\"hidden\" name=\"_wpcf7_locale\" value=\"sk_SK\" \/><input type=\"hidden\" name=\"_wpcf7_unit_tag\" value=\"wpcf7-f678-o1\" \/><input type=\"hidden\" name=\"_wpcf7_container_post\" value=\"0\" \/><input type=\"hidden\" name=\"_wpcf7_posted_data_hash\" value=\"\" \/><input type=\"hidden\" name=\"_wpcf7dtx_version\" value=\"5.0.4\" \/>\n<\/fieldset>\n<div class=\"otherColumns\">\n\t<p><span class=\"wpcf7-form-control-wrap\" data-name=\"your-name\"><input size=\"40\" maxlength=\"400\" class=\"wpcf7-form-control wpcf7-text wpcf7-validates-as-required\" aria-required=\"true\" aria-invalid=\"false\" placeholder=\"Va\u0161e meno a priezvisko*\" value=\"\" type=\"text\" name=\"your-name\" \/><\/span>\n\t<\/p>\n<\/div>\n<div class=\"columnHalf\">\n\t<p><span class=\"wpcf7-form-control-wrap\" data-name=\"your-email\"><input size=\"40\" maxlength=\"400\" class=\"wpcf7-form-control wpcf7-email wpcf7-validates-as-required wpcf7-text wpcf7-validates-as-email\" aria-required=\"true\" aria-invalid=\"false\" placeholder=\"V\u00e1\u0161 email*\" value=\"\" type=\"email\" name=\"your-email\" \/><\/span>\n\t<\/p>\n<\/div>\n<div class=\"columnHalf\">\n\t<p><span class=\"wpcf7-form-control-wrap\" data-name=\"telefon\"><input size=\"40\" maxlength=\"400\" class=\"wpcf7-form-control wpcf7-tel wpcf7-validates-as-required wpcf7-text wpcf7-validates-as-tel\" aria-required=\"true\" aria-invalid=\"false\" placeholder=\"Telef\u00f3nne \u010d\u00edslo*\" value=\"\" type=\"tel\" name=\"telefon\" \/><\/span>\n\t<\/p>\n<\/div>\n<div class=\"otherColumns\">\n\t<p><span class=\"wpcf7-form-control-wrap\" data-name=\"auto\"><select class=\"wpcf7-form-control wpcf7-select wpcf7-validates-as-required\" aria-required=\"true\" aria-invalid=\"false\" name=\"auto\"><option value=\"\">Predv\u00e1dzacia jazda vo vozidle*<\/option><option value=\"NOV\u00dd CITRO\u00cbN C4 X\">NOV\u00dd CITRO\u00cbN C4 X<\/option><option value=\"NOV\u00dd CITRO\u00cbN \u00cb-C4 X\">NOV\u00dd CITRO\u00cbN \u00cb-C4 X<\/option><option value=\"NOV\u00dd CITRO\u00cbN C3\">NOV\u00dd CITRO\u00cbN C3<\/option><option value=\"NOV\u00dd CITRO\u00cbN C3 AIRCROSS SUV\">NOV\u00dd CITRO\u00cbN C3 AIRCROSS SUV<\/option><option value=\"NOV\u00dd CITRO\u00cbN C4\">NOV\u00dd CITRO\u00cbN C4<\/option><option value=\"CITRO\u00cbN GRAND C4 SPACETOURER\">CITRO\u00cbN GRAND C4 SPACETOURER<\/option><option value=\"CITRO\u00cbN C5 AIRCROSS\">CITRO\u00cbN C5 AIRCROSS<\/option><option value=\"CITRO\u00cbN C5 AIRCROSS HYBRID\">CITRO\u00cbN C5 AIRCROSS HYBRID<\/option><option value=\"CITRO\u00cbN C5 X\">CITRO\u00cbN C5 X<\/option><option value=\"CITRO\u00cbN \u00cb-SPACETOURER\">CITRO\u00cbN \u00cb-SPACETOURER<\/option><option value=\"CITRO\u00cbN \u00cb-BERLINGO VAN\">CITRO\u00cbN \u00cb-BERLINGO VAN<\/option><option value=\"CITRO\u00cbN BERLINGO VAN\">CITRO\u00cbN BERLINGO VAN<\/option><option value=\"CITRO\u00cbN \u00cb-JUMPER FURGON\">CITRO\u00cbN \u00cb-JUMPER FURGON<\/option><option value=\"CITRO\u00cbN JUMPER FURGON\">CITRO\u00cbN JUMPER FURGON<\/option><option value=\"CITRO\u00cbN \u00cb-JUMPY\">CITRO\u00cbN \u00cb-JUMPY<\/option><option value=\"NOV\u00dd CITRO\u00cbN \u00cb-BERLINGO\">NOV\u00dd CITRO\u00cbN \u00cb-BERLINGO<\/option><option value=\"CITRO\u00cbN BERLINGO BUSINESS\">CITRO\u00cbN BERLINGO BUSINESS<\/option><\/select><\/span>\n\t<\/p>\n<\/div>\n<div class=\"otherColumns\">\n\t<p><span class=\"wpcf7-form-control-wrap\" data-name=\"your-message\"><textarea cols=\"40\" rows=\"10\" maxlength=\"2000\" class=\"wpcf7-form-control wpcf7-textarea\" aria-invalid=\"false\" placeholder=\"Pozn\u00e1mka\" name=\"your-message\"><\/textarea><\/span>\n\t<\/p>\n<\/div>\n<div class=\"otherColumns\">\n\t<p><span class=\"wpcf7-form-control-wrap\" data-name=\"acceptance-432\"><span class=\"wpcf7-form-control wpcf7-acceptance\"><span class=\"wpcf7-list-item\"><label><input type=\"checkbox\" name=\"acceptance-432\" value=\"1\" aria-invalid=\"false\" \/><span class=\"wpcf7-list-item-label\">Zaslan\u00edm \u017eiadosti potvrdzujem, \u017ee som sa obozn\u00e1mil(a) so z\u00e1sadami sprac\u00favania osobn\u00fdch \u00fadajov<\/span><\/label><\/span><\/span><\/span>\n\t<\/p>\n<\/div>\n<p><input class=\"wpcf7-form-control wpcf7-cf7rfr_referrer cf7-rfr\" value=\"\" type=\"hidden\" name=\"page-of-origin\" \/>\n<\/p>\n<div class=\"otherColumns\">\n\t<p><input class=\"wpcf7-form-control wpcf7-submit has-spinner\" type=\"submit\" value=\"Odosla\u0165\" \/>\n\t<\/p>\n<\/div><div class=\"wpcf7-response-output\" aria-hidden=\"true\"><\/div>\n<\/form>\n<\/div>\n<\/div><\/div><div class=\"wpb_column vc_column_container hide_on_tablets hide_on_mobiles\"><div class=\"vc_column-inner\"><\/div><\/div><\/div><\/div><\/div><\/div><\/div><\/section>\n","protected":false},"excerpt":{"rendered":"Testovacia jazdaPr\u00ed\u010fte si vysk\u00fa\u0161a\u0165 va\u0161e nov\u00e9 auto a rezervujte si svoju testovaciu jazdu e\u0161te dnes. Predv\u00e1dzacia jazda vo vozidle*NOV\u00dd CITRO\u00cbN C4 XNOV\u00dd CITRO\u00cbN \u00cb-C4 XNOV\u00dd CITRO\u00cbN C3NOV\u00dd CITRO\u00cbN C3 AIRCROSS SUVNOV\u00dd CITRO\u00cbN C4CITRO\u00cbN GRAND C4 SPACETOURERCITRO\u00cbN C5 AIRCROSSCITRO\u00cbN C5 AIRCROSS HYBRIDCITRO\u00cbN C5 XCITRO\u00cbN \u00cb-SPACETOURERCITRO\u00cbN \u00cb-BERLINGO VANCITRO\u00cbN BERLINGO VANCITRO\u00cbN \u00cb-JUMPER FURGONCITRO\u00cbN JUMPER FURGONCITRO\u00cbN \u00cb-JUMPYNOV\u00dd CITRO\u00cbN \u00cb-BERLINGOCITRO\u00cbN...","protected":false},"author":1,"featured_media":0,"parent":0,"menu_order":0,"comment_status":"closed","ping_status":"closed","template":"","meta":{"_acf_changed":false,"footnotes":""},"class_list":["post-356","page","type-page","status-publish","hentry"],"acf":[],"yoast_head":"<!-- This site is optimized with the Yoast SEO plugin v26.8 - https:\/\/yoast.com\/product\/yoast-seo-wordpress\/ -->\n<title>Testovacia jazda - Citroen BEHR Dunajsk\u00e1 Streda<\/title>\n<meta name=\"robots\" content=\"index, follow, max-snippet:-1, max-image-preview:large, max-video-preview:-1\" \/>\n<link rel=\"canonical\" href=\"https:\/\/behr.sk\/citroen\/dunajska-streda\/testovacia-jazda\/\" \/>\n<meta property=\"og:locale\" content=\"sk_SK\" \/>\n<meta property=\"og:type\" content=\"article\" \/>\n<meta property=\"og:title\" content=\"Testovacia jazda - Citroen BEHR Dunajsk\u00e1 Streda\" \/>\n<meta property=\"og:url\" content=\"https:\/\/behr.sk\/citroen\/dunajska-streda\/testovacia-jazda\/\" \/>\n<meta property=\"og:site_name\" content=\"Citroen BEHR Dunajsk\u00e1 Streda\" \/>\n<meta property=\"article:modified_time\" content=\"2023-06-02T10:49:31+00:00\" \/>\n<meta name=\"twitter:card\" content=\"summary_large_image\" \/>\n<meta name=\"twitter:label1\" content=\"Predpokladan\u00fd \u010das \u010d\u00edtania\" \/>\n\t<meta name=\"twitter:data1\" content=\"1 min\u00fata\" \/>\n<script type=\"application\/ld+json\" class=\"yoast-schema-graph\">{\"@context\":\"https:\/\/schema.org\",\"@graph\":[{\"@type\":\"WebPage\",\"@id\":\"https:\/\/behr.sk\/citroen\/dunajska-streda\/testovacia-jazda\/\",\"url\":\"https:\/\/behr.sk\/citroen\/dunajska-streda\/testovacia-jazda\/\",\"name\":\"Testovacia jazda - Citroen BEHR Dunajsk\u00e1 Streda\",\"isPartOf\":{\"@id\":\"https:\/\/behr.sk\/citroen\/dunajska-streda\/#website\"},\"datePublished\":\"2023-05-23T09:05:32+00:00\",\"dateModified\":\"2023-06-02T10:49:31+00:00\",\"breadcrumb\":{\"@id\":\"https:\/\/behr.sk\/citroen\/dunajska-streda\/testovacia-jazda\/#breadcrumb\"},\"inLanguage\":\"sk-SK\",\"potentialAction\":[{\"@type\":\"ReadAction\",\"target\":[\"https:\/\/behr.sk\/citroen\/dunajska-streda\/testovacia-jazda\/\"]}]},{\"@type\":\"BreadcrumbList\",\"@id\":\"https:\/\/behr.sk\/citroen\/dunajska-streda\/testovacia-jazda\/#breadcrumb\",\"itemListElement\":[{\"@type\":\"ListItem\",\"position\":1,\"name\":\"Domovsk\u00e1 str\u00e1nka\",\"item\":\"https:\/\/behr.sk\/citroen\/dunajska-streda\/\"},{\"@type\":\"ListItem\",\"position\":2,\"name\":\"Testovacia jazda\"}]},{\"@type\":\"WebSite\",\"@id\":\"https:\/\/behr.sk\/citroen\/dunajska-streda\/#website\",\"url\":\"https:\/\/behr.sk\/citroen\/dunajska-streda\/\",\"name\":\"Citroen BEHR Dunajsk\u00e1 Streda\",\"description\":\"\",\"potentialAction\":[{\"@type\":\"SearchAction\",\"target\":{\"@type\":\"EntryPoint\",\"urlTemplate\":\"https:\/\/behr.sk\/citroen\/dunajska-streda\/?s={search_term_string}\"},\"query-input\":{\"@type\":\"PropertyValueSpecification\",\"valueRequired\":true,\"valueName\":\"search_term_string\"}}],\"inLanguage\":\"sk-SK\"}]}<\/script>\n<!-- \/ Yoast SEO plugin. -->","yoast_head_json":{"title":"Testovacia jazda - Citroen BEHR Dunajsk\u00e1 Streda","robots":{"index":"index","follow":"follow","max-snippet":"max-snippet:-1","max-image-preview":"max-image-preview:large","max-video-preview":"max-video-preview:-1"},"canonical":"https:\/\/behr.sk\/citroen\/dunajska-streda\/testovacia-jazda\/","og_locale":"sk_SK","og_type":"article","og_title":"Testovacia jazda - Citroen BEHR Dunajsk\u00e1 Streda","og_url":"https:\/\/behr.sk\/citroen\/dunajska-streda\/testovacia-jazda\/","og_site_name":"Citroen BEHR Dunajsk\u00e1 Streda","article_modified_time":"2023-06-02T10:49:31+00:00","twitter_card":"summary_large_image","twitter_misc":{"Predpokladan\u00fd \u010das \u010d\u00edtania":"1 min\u00fata"},"schema":{"@context":"https:\/\/schema.org","@graph":[{"@type":"WebPage","@id":"https:\/\/behr.sk\/citroen\/dunajska-streda\/testovacia-jazda\/","url":"https:\/\/behr.sk\/citroen\/dunajska-streda\/testovacia-jazda\/","name":"Testovacia jazda - Citroen BEHR Dunajsk\u00e1 Streda","isPartOf":{"@id":"https:\/\/behr.sk\/citroen\/dunajska-streda\/#website"},"datePublished":"2023-05-23T09:05:32+00:00","dateModified":"2023-06-02T10:49:31+00:00","breadcrumb":{"@id":"https:\/\/behr.sk\/citroen\/dunajska-streda\/testovacia-jazda\/#breadcrumb"},"inLanguage":"sk-SK","potentialAction":[{"@type":"ReadAction","target":["https:\/\/behr.sk\/citroen\/dunajska-streda\/testovacia-jazda\/"]}]},{"@type":"BreadcrumbList","@id":"https:\/\/behr.sk\/citroen\/dunajska-streda\/testovacia-jazda\/#breadcrumb","itemListElement":[{"@type":"ListItem","position":1,"name":"Domovsk\u00e1 str\u00e1nka","item":"https:\/\/behr.sk\/citroen\/dunajska-streda\/"},{"@type":"ListItem","position":2,"name":"Testovacia jazda"}]},{"@type":"WebSite","@id":"https:\/\/behr.sk\/citroen\/dunajska-streda\/#website","url":"https:\/\/behr.sk\/citroen\/dunajska-streda\/","name":"Citroen BEHR Dunajsk\u00e1 Streda","description":"","potentialAction":[{"@type":"SearchAction","target":{"@type":"EntryPoint","urlTemplate":"https:\/\/behr.sk\/citroen\/dunajska-streda\/?s={search_term_string}"},"query-input":{"@type":"PropertyValueSpecification","valueRequired":true,"valueName":"search_term_string"}}],"inLanguage":"sk-SK"}]}},"_links":{"self":[{"href":"https:\/\/behr.sk\/citroen\/dunajska-streda\/wp-json\/wp\/v2\/pages\/356","targetHints":{"allow":["GET"]}}],"collection":[{"href":"https:\/\/behr.sk\/citroen\/dunajska-streda\/wp-json\/wp\/v2\/pages"}],"about":[{"href":"https:\/\/behr.sk\/citroen\/dunajska-streda\/wp-json\/wp\/v2\/types\/page"}],"author":[{"embeddable":true,"href":"https:\/\/behr.sk\/citroen\/dunajska-streda\/wp-json\/wp\/v2\/users\/1"}],"replies":[{"embeddable":true,"href":"https:\/\/behr.sk\/citroen\/dunajska-streda\/wp-json\/wp\/v2\/comments?post=356"}],"version-history":[{"count":5,"href":"https:\/\/behr.sk\/citroen\/dunajska-streda\/wp-json\/wp\/v2\/pages\/356\/revisions"}],"predecessor-version":[{"id":692,"href":"https:\/\/behr.sk\/citroen\/dunajska-streda\/wp-json\/wp\/v2\/pages\/356\/revisions\/692"}],"wp:attachment":[{"href":"https:\/\/behr.sk\/citroen\/dunajska-streda\/wp-json\/wp\/v2\/media?parent=356"}],"curies":[{"name":"wp","href":"https:\/\/api.w.org\/{rel}","templated":true}]}}