{"id":39,"date":"2023-05-22T11:05:05","date_gmt":"2023-05-22T09:05:05","guid":{"rendered":"https:\/\/behr.sk\/citroen\/dunajska-streda\/?page_id=39"},"modified":"2024-03-15T08:37:43","modified_gmt":"2024-03-15T07:37:43","slug":"novinky","status":"publish","type":"page","link":"https:\/\/behr.sk\/citroen\/dunajska-streda\/novinky\/","title":{"rendered":"Novinky"},"content":{"rendered":"<section class=\"l-section wpb_row us_custom_ef049d84 height_medium\"><div class=\"l-section-h i-cf\"><div class=\"g-cols vc_row via_grid cols_1 laptops-cols_inherit tablets-cols_inherit mobiles-cols_1 valign_top type_default stacking_default\"><div class=\"wpb_column vc_column_container\"><div class=\"vc_column-inner\"><h1 class=\"w-text us_custom_eb849559\"><span class=\"w-text-h\"><span class=\"w-text-value\">NOVINKY ZO SVETA CITRO\u00cbN<\/span><\/span><\/h1><div class=\"w-separator size_small\"><\/div><div class=\"w-grid us_grid type_grid layout_622 cols_3 pagination_infinite overflow_hidden preload_style_spinner\" id=\"us_grid_1\" style=\"--columns:3;--gap:1rem;\" data-filterable=\"true\"><style>@media (max-width:1024px){#us_grid_1{--columns:2!important}}@media (max-width:600px){#us_grid_1{--columns:1!important}}.layout_622 .w-grid-item-h{}.layout_622 .usg_post_image_1{border-radius:1rem!important}.layout_622 .usg_post_title_1{color:var(--color-content-heading)!important;font-size:max( 1.5rem,1.5vw )!important;text-transform:uppercase!important}.layout_622 .usg_btn_1{padding-left:0!important}<\/style><div class=\"w-grid-list\">\t<article class=\"w-grid-item size_1x1 post-620 post type-post status-publish format-standard has-post-thumbnail hentry category-novinky\" data-id=\"620\">\r\n\t\t<div class=\"w-grid-item-h\">\r\n\t\t\t\t\t\t<div class=\"w-vwrapper usg_vwrapper_1 align_left valign_top\" style=\"--vwrapper-gap:1rem\"><div class=\"w-post-elm post_image usg_post_image_1 has_ratio\"><a href=\"https:\/\/behr.sk\/citroen\/dunajska-streda\/novy-citroen-c4-x\/\" aria-label=\"Nov\u00fd Citro\u00ebn C4 X\"><img loading=\"lazy\" decoding=\"async\" width=\"1024\" height=\"768\" src=\"https:\/\/behr.sk\/citroen\/dunajska-streda\/wp-content\/uploads\/sites\/3\/2023\/06\/CL-22.011.007-1024x768-1.jpg\" class=\"attachment-large size-large wp-post-image\" alt=\"\" \/><\/a><div style=\"padding-bottom:75%\"><\/div><\/div><h3 class=\"w-post-elm post_title usg_post_title_1 has_text_color align_center entry-title color_link_inherit\"><a href=\"https:\/\/behr.sk\/citroen\/dunajska-streda\/novy-citroen-c4-x\/\">Nov\u00fd Citro\u00ebn C4 X<\/a><\/h3><div class=\"w-post-elm post_custom_field usg_post_custom_field_1 textRiadky type_text popis_do_gridu color_link_inherit\"><span class=\"w-post-elm-value\">Citro\u00ebn roz\u0161iruje svoju ponuku vozidiel o model C4 X a \u00eb-C4 X Electric s jedine\u010dne \u0161t\u00fdlov\u00fdm konceptom navrhnut\u00fdm pre z\u00e1kazn\u00edkov, ktor\u00ed na trhu s automobilmi strednej triedy h\u013eadaj\u00fa atrakt\u00edvnu alternat\u00edvu k ponuke hatchbacku a SUV. <\/span><\/div><a class=\"w-btn us-btn-style_6 usg_btn_1\" href=\"https:\/\/behr.sk\/citroen\/dunajska-streda\/novy-citroen-c4-x\/\"><span class=\"w-btn-label\">Zobrazi\u0165 novinku<\/span><\/a><\/div>\t\t<\/div>\r\n\t\t\t<\/article>\r\n\t<article class=\"w-grid-item size_1x1 post-618 post type-post status-publish format-standard has-post-thumbnail hentry category-novinky\" data-id=\"618\">\r\n\t\t<div class=\"w-grid-item-h\">\r\n\t\t\t\t\t\t<div class=\"w-vwrapper usg_vwrapper_1 align_left valign_top\" style=\"--vwrapper-gap:1rem\"><div class=\"w-post-elm post_image usg_post_image_1 has_ratio\"><a href=\"https:\/\/behr.sk\/citroen\/dunajska-streda\/novy-citroen-c5-aircross\/\" aria-label=\"Nov\u00fd Citro\u00ebn C5 Aircross\"><img loading=\"lazy\" decoding=\"async\" width=\"625\" height=\"400\" src=\"https:\/\/behr.sk\/citroen\/dunajska-streda\/wp-content\/uploads\/sites\/3\/2023\/06\/citroen-c5-aircross-face-avant-625x400.387268.webp\" class=\"attachment-large size-large wp-post-image\" alt=\"\" \/><\/a><div style=\"padding-bottom:75%\"><\/div><\/div><h3 class=\"w-post-elm post_title usg_post_title_1 has_text_color align_center entry-title color_link_inherit\"><a href=\"https:\/\/behr.sk\/citroen\/dunajska-streda\/novy-citroen-c5-aircross\/\">Nov\u00fd Citro\u00ebn C5 Aircross<\/a><\/h3><div class=\"w-post-elm post_custom_field usg_post_custom_field_1 textRiadky type_text popis_do_gridu color_link_inherit\"><span class=\"w-post-elm-value\">Citro\u00ebn SUV C5 Aircross, ktor\u00fd je meradlom dokonalosti z h\u013eadiska komfortu a variability, pre\u0161iel faceliftom a z\u00edskal nov\u00fd vzh\u013ead. Sr\u0161\u00ed z neho v\u00e4\u010d\u0161ia sila, dynamickos\u0165 a v\u00fdnimo\u010dnos\u0165.<\/span><\/div><a class=\"w-btn us-btn-style_6 usg_btn_1\" href=\"https:\/\/behr.sk\/citroen\/dunajska-streda\/novy-citroen-c5-aircross\/\"><span class=\"w-btn-label\">Zobrazi\u0165 novinku<\/span><\/a><\/div>\t\t<\/div>\r\n\t\t\t<\/article>\r\n\t<article class=\"w-grid-item size_1x1 post-616 post type-post status-publish format-standard has-post-thumbnail hentry category-novinky\" data-id=\"616\">\r\n\t\t<div class=\"w-grid-item-h\">\r\n\t\t\t\t\t\t<div class=\"w-vwrapper usg_vwrapper_1 align_left valign_top\" style=\"--vwrapper-gap:1rem\"><div class=\"w-post-elm post_image usg_post_image_1 has_ratio\"><a href=\"https:\/\/behr.sk\/citroen\/dunajska-streda\/novy-citroen-c5-x\/\" aria-label=\"Nov\u00fd Citro\u00ebn C5 X\u00a0\"><img loading=\"lazy\" decoding=\"async\" width=\"625\" height=\"400\" src=\"https:\/\/behr.sk\/citroen\/dunajska-streda\/wp-content\/uploads\/sites\/3\/2023\/06\/c5-x-posture-625x400.380661.jpg\" class=\"attachment-large size-large wp-post-image\" alt=\"\" \/><\/a><div style=\"padding-bottom:75%\"><\/div><\/div><h3 class=\"w-post-elm post_title usg_post_title_1 has_text_color align_center entry-title color_link_inherit\"><a href=\"https:\/\/behr.sk\/citroen\/dunajska-streda\/novy-citroen-c5-x\/\">Nov\u00fd Citro\u00ebn C5 X\u00a0<\/a><\/h3><div class=\"w-post-elm post_custom_field usg_post_custom_field_1 textRiadky type_text popis_do_gridu color_link_inherit\"><span class=\"w-post-elm-value\">NOV\u00dd CITRO\u00cbN C5 X prin\u00e1\u0161a inovat\u00edvny a jedine\u010dn\u00fd rozmer vozidla v segmente D. C5 X steles\u0148uje to najlep\u0161ie zo schopnost\u00ed a sk\u00fasenost\u00ed zna\u010dky Citro\u00ebn v oblastiach ako pohodlie, ktor\u00e9 v\u00e1s v slu\u017eb\u00e1ch tohto vozidla poz\u00fdvaj\u00fa cestova\u0165 v \u00faplnom pokoji. <\/span><\/div><a class=\"w-btn us-btn-style_6 usg_btn_1\" href=\"https:\/\/behr.sk\/citroen\/dunajska-streda\/novy-citroen-c5-x\/\"><span class=\"w-btn-label\">Zobrazi\u0165 novinku<\/span><\/a><\/div>\t\t<\/div>\r\n\t\t\t<\/article>\r\n\t<article class=\"w-grid-item size_1x1 post-608 post type-post status-publish format-standard has-post-thumbnail hentry category-novinky\" data-id=\"608\">\r\n\t\t<div class=\"w-grid-item-h\">\r\n\t\t\t\t\t\t<div class=\"w-vwrapper usg_vwrapper_1 align_left valign_top\" style=\"--vwrapper-gap:1rem\"><div class=\"w-post-elm post_image usg_post_image_1 has_ratio\"><a href=\"https:\/\/behr.sk\/citroen\/dunajska-streda\/berlingo-business\/\" aria-label=\"Berlingo Business\"><img loading=\"lazy\" decoding=\"async\" width=\"1024\" height=\"683\" src=\"https:\/\/behr.sk\/citroen\/dunajska-streda\/wp-content\/uploads\/sites\/3\/2023\/06\/citroen-berlingo-business.389314-1024x683-1.jpg\" class=\"attachment-large size-large wp-post-image\" alt=\"\" \/><\/a><div style=\"padding-bottom:75%\"><\/div><\/div><h3 class=\"w-post-elm post_title usg_post_title_1 has_text_color align_center entry-title color_link_inherit\"><a href=\"https:\/\/behr.sk\/citroen\/dunajska-streda\/berlingo-business\/\">Berlingo Business<\/a><\/h3><div class=\"w-post-elm post_custom_field usg_post_custom_field_1 textRiadky type_text popis_do_gridu color_link_inherit\"><span class=\"w-post-elm-value\">Berlingo Business je vozidlo pre skuto\u010dn\u00fdch profesion\u00e1lov, ktor\u00ed uprednost\u0148uj\u00fa praktickos\u0165 a pohodlie.  Z v\u00fdroby s\u00fa vozidl\u00e1 Berlingo Business dod\u00e1van\u00e9 s pevnou oce\u013eovou prep\u00e1\u017ekou s mre\u017eou za druh\u00fdm radom sedadiel.<\/span><\/div><a class=\"w-btn us-btn-style_6 usg_btn_1\" href=\"https:\/\/behr.sk\/citroen\/dunajska-streda\/berlingo-business\/\"><span class=\"w-btn-label\">Zobrazi\u0165 novinku<\/span><\/a><\/div>\t\t<\/div>\r\n\t\t\t<\/article>\r\n\t<article class=\"w-grid-item size_1x1 post-603 post type-post status-publish format-standard has-post-thumbnail hentry category-novinky\" data-id=\"603\">\r\n\t\t<div class=\"w-grid-item-h\">\r\n\t\t\t\t\t\t<div class=\"w-vwrapper usg_vwrapper_1 align_left valign_top\" style=\"--vwrapper-gap:1rem\"><div class=\"w-post-elm post_image usg_post_image_1 has_ratio\"><a href=\"https:\/\/behr.sk\/citroen\/dunajska-streda\/novy-citroen-e-c4-100-electric\/\" aria-label=\"Nov\u00fd Citro\u00ebn \u00eb-C4 &#8211; 100% \u00eblectric\"><img loading=\"lazy\" decoding=\"async\" width=\"457\" height=\"262\" src=\"https:\/\/behr.sk\/citroen\/dunajska-streda\/wp-content\/uploads\/sites\/3\/2023\/06\/553x317-EC4-Connectivity.353708.72.jpg\" class=\"attachment-large size-large wp-post-image\" alt=\"\" \/><\/a><div style=\"padding-bottom:75%\"><\/div><\/div><h3 class=\"w-post-elm post_title usg_post_title_1 has_text_color align_center entry-title color_link_inherit\"><a href=\"https:\/\/behr.sk\/citroen\/dunajska-streda\/novy-citroen-e-c4-100-electric\/\">Nov\u00fd Citro\u00ebn \u00eb-C4 &#8211; 100% \u00eblectric<\/a><\/h3><div class=\"w-post-elm post_custom_field usg_post_custom_field_1 textRiadky type_text popis_do_gridu color_link_inherit\"><span class=\"w-post-elm-value\">Citro\u00ebn spustil v roku 2020 svoju elektrick\u00fa ofenz\u00edvu. Nov\u00fd Citro\u00ebn \u00eb-C4 \u2013 100% \u00eblectric uv\u00e1dza nov\u00fa etapu v tejto ofenz\u00edve: steles\u0148uje technologick\u00fa a modern\u00fa elektrick\u00fa mobilitu pre v\u00e4\u010d\u0161\u00ed komfort a v\u0161estrannos\u0165 pou\u017eitia: mobilitu triedy \u00eb-Confort.<\/span><\/div><a class=\"w-btn us-btn-style_6 usg_btn_1\" href=\"https:\/\/behr.sk\/citroen\/dunajska-streda\/novy-citroen-e-c4-100-electric\/\"><span class=\"w-btn-label\">Zobrazi\u0165 novinku<\/span><\/a><\/div>\t\t<\/div>\r\n\t\t\t<\/article>\r\n<\/div>\t<div class=\"w-grid-preloader\">\r\n\t\t<div class=\"g-preloader type_1\">\r\n\t\t\t<div><\/div>\r\n\t\t<\/div>\r\n\t<\/div>\r\n\t\t<div class=\"w-grid-json hidden\" onclick='return {&quot;action&quot;:&quot;us_ajax_grid&quot;,&quot;infinite_scroll&quot;:0,&quot;max_num_pages&quot;:1,&quot;pagination&quot;:&quot;infinite&quot;,&quot;template_vars&quot;:{&quot;columns&quot;:&quot;3&quot;,&quot;exclude_items&quot;:&quot;none&quot;,&quot;img_size&quot;:&quot;default&quot;,&quot;ignore_items_size&quot;:0,&quot;items_layout&quot;:&quot;622&quot;,&quot;items_offset&quot;:&quot;1&quot;,&quot;load_animation&quot;:&quot;none&quot;,&quot;overriding_link&quot;:&quot;{\\&quot;url\\&quot;:\\&quot;\\&quot;}&quot;,&quot;post_id&quot;:0,&quot;query_args&quot;:{&quot;post_type&quot;:[&quot;post&quot;],&quot;tax_query&quot;:[{&quot;taxonomy&quot;:&quot;category&quot;,&quot;field&quot;:&quot;slug&quot;,&quot;terms&quot;:[&quot;novinky&quot;]}],&quot;post_status&quot;:[&quot;publish&quot;,&quot;acf-disabled&quot;],&quot;posts_per_page&quot;:&quot;10&quot;},&quot;orderby_query_args&quot;:{&quot;orderby&quot;:{&quot;date&quot;:&quot;DESC&quot;}},&quot;type&quot;:&quot;grid&quot;,&quot;us_grid_post_type&quot;:&quot;post&quot;,&quot;us_grid_ajax_index&quot;:1,&quot;us_grid_filter_query_string&quot;:null,&quot;us_grid_index&quot;:1,&quot;page_args&quot;:[]}}'><\/div>\r\n\t<\/div><\/div><\/div><\/div><\/div><\/section>\n","protected":false},"excerpt":{"rendered":"Citro\u00ebn spustil v roku 2020 svoju elektrick\u00fa ofenz\u00edvu.\u00a0Nov\u00fd Citro\u00ebn \u00eb-C4 \u2013 100% \u00eblectric\u00a0uv\u00e1dza nov\u00fa etapu v tejto ofenz\u00edve: steles\u0148uje technologick\u00fa a modern\u00fa elektrick\u00fa mobilitu pre v\u00e4\u010d\u0161\u00ed komfort a v\u0161estrannos\u0165 pou\u017eitia: mobilitu triedy \u00eb-Confort. Nov\u00fd Citro\u00ebn \u00eb-C4 \u2013 100% \u00eblectric\u00a0umo\u017e\u0148uje ka\u017edodenn\u00fa jazdu v plne elektrickom re\u017eime, dokonal\u00fa izol\u00e1ciu od vozovky a vonkaj\u0161ieho sveta, v \u00faplnom pokoji...","protected":false},"author":1,"featured_media":0,"parent":0,"menu_order":0,"comment_status":"closed","ping_status":"closed","template":"","meta":{"_acf_changed":false,"footnotes":""},"class_list":["post-39","page","type-page","status-publish","hentry"],"acf":[],"yoast_head":"<!-- This site is optimized with the Yoast SEO plugin v26.8 - https:\/\/yoast.com\/product\/yoast-seo-wordpress\/ -->\n<title>Novinky zo sveta Citro\u00ebn | Citro\u00ebn B\u00c9HR s. r. o.<\/title>\n<meta name=\"description\" content=\"Pre\u010d\u00edtajte si novinky zo sveta Citro\u00ebn. Spolo\u010dnos\u0165 Citro\u00ebn neust\u00e1le napreduje, v\u010faka akut\u00e1lnym inform\u00e1ci\u00e1m tak zostanete v obraze.\" \/>\n<meta name=\"robots\" content=\"index, follow, max-snippet:-1, max-image-preview:large, max-video-preview:-1\" \/>\n<link rel=\"canonical\" href=\"https:\/\/behr.sk\/citroen\/dunajska-streda\/novinky\/\" \/>\n<meta property=\"og:locale\" content=\"sk_SK\" \/>\n<meta property=\"og:type\" content=\"article\" \/>\n<meta property=\"og:title\" content=\"Novinky zo sveta Citro\u00ebn | Citro\u00ebn B\u00c9HR s. r. o.\" \/>\n<meta property=\"og:description\" content=\"Pre\u010d\u00edtajte si novinky zo sveta Citro\u00ebn. Spolo\u010dnos\u0165 Citro\u00ebn neust\u00e1le napreduje, v\u010faka akut\u00e1lnym inform\u00e1ci\u00e1m tak zostanete v obraze.\" \/>\n<meta property=\"og:url\" content=\"https:\/\/behr.sk\/citroen\/dunajska-streda\/novinky\/\" \/>\n<meta property=\"og:site_name\" content=\"Citroen BEHR Dunajsk\u00e1 Streda\" \/>\n<meta property=\"article:modified_time\" content=\"2024-03-15T07:37:43+00:00\" \/>\n<meta name=\"twitter:card\" content=\"summary_large_image\" \/>\n<meta name=\"twitter:label1\" content=\"Predpokladan\u00fd \u010das \u010d\u00edtania\" \/>\n\t<meta name=\"twitter:data1\" content=\"1 min\u00fata\" \/>\n<script type=\"application\/ld+json\" class=\"yoast-schema-graph\">{\"@context\":\"https:\/\/schema.org\",\"@graph\":[{\"@type\":\"WebPage\",\"@id\":\"https:\/\/behr.sk\/citroen\/dunajska-streda\/novinky\/\",\"url\":\"https:\/\/behr.sk\/citroen\/dunajska-streda\/novinky\/\",\"name\":\"Novinky zo sveta Citro\u00ebn | Citro\u00ebn B\u00c9HR s. r. o.\",\"isPartOf\":{\"@id\":\"https:\/\/behr.sk\/citroen\/dunajska-streda\/#website\"},\"datePublished\":\"2023-05-22T09:05:05+00:00\",\"dateModified\":\"2024-03-15T07:37:43+00:00\",\"description\":\"Pre\u010d\u00edtajte si novinky zo sveta Citro\u00ebn. Spolo\u010dnos\u0165 Citro\u00ebn neust\u00e1le napreduje, v\u010faka akut\u00e1lnym inform\u00e1ci\u00e1m tak zostanete v obraze.\",\"breadcrumb\":{\"@id\":\"https:\/\/behr.sk\/citroen\/dunajska-streda\/novinky\/#breadcrumb\"},\"inLanguage\":\"sk-SK\",\"potentialAction\":[{\"@type\":\"ReadAction\",\"target\":[\"https:\/\/behr.sk\/citroen\/dunajska-streda\/novinky\/\"]}]},{\"@type\":\"BreadcrumbList\",\"@id\":\"https:\/\/behr.sk\/citroen\/dunajska-streda\/novinky\/#breadcrumb\",\"itemListElement\":[{\"@type\":\"ListItem\",\"position\":1,\"name\":\"Domovsk\u00e1 str\u00e1nka\",\"item\":\"https:\/\/behr.sk\/citroen\/dunajska-streda\/\"},{\"@type\":\"ListItem\",\"position\":2,\"name\":\"Novinky\"}]},{\"@type\":\"WebSite\",\"@id\":\"https:\/\/behr.sk\/citroen\/dunajska-streda\/#website\",\"url\":\"https:\/\/behr.sk\/citroen\/dunajska-streda\/\",\"name\":\"Citroen BEHR Dunajsk\u00e1 Streda\",\"description\":\"\",\"potentialAction\":[{\"@type\":\"SearchAction\",\"target\":{\"@type\":\"EntryPoint\",\"urlTemplate\":\"https:\/\/behr.sk\/citroen\/dunajska-streda\/?s={search_term_string}\"},\"query-input\":{\"@type\":\"PropertyValueSpecification\",\"valueRequired\":true,\"valueName\":\"search_term_string\"}}],\"inLanguage\":\"sk-SK\"}]}<\/script>\n<!-- \/ Yoast SEO plugin. -->","yoast_head_json":{"title":"Novinky zo sveta Citro\u00ebn | Citro\u00ebn B\u00c9HR s. r. o.","description":"Pre\u010d\u00edtajte si novinky zo sveta Citro\u00ebn. Spolo\u010dnos\u0165 Citro\u00ebn neust\u00e1le napreduje, v\u010faka akut\u00e1lnym inform\u00e1ci\u00e1m tak zostanete v obraze.","robots":{"index":"index","follow":"follow","max-snippet":"max-snippet:-1","max-image-preview":"max-image-preview:large","max-video-preview":"max-video-preview:-1"},"canonical":"https:\/\/behr.sk\/citroen\/dunajska-streda\/novinky\/","og_locale":"sk_SK","og_type":"article","og_title":"Novinky zo sveta Citro\u00ebn | Citro\u00ebn B\u00c9HR s. r. o.","og_description":"Pre\u010d\u00edtajte si novinky zo sveta Citro\u00ebn. Spolo\u010dnos\u0165 Citro\u00ebn neust\u00e1le napreduje, v\u010faka akut\u00e1lnym inform\u00e1ci\u00e1m tak zostanete v obraze.","og_url":"https:\/\/behr.sk\/citroen\/dunajska-streda\/novinky\/","og_site_name":"Citroen BEHR Dunajsk\u00e1 Streda","article_modified_time":"2024-03-15T07:37:43+00:00","twitter_card":"summary_large_image","twitter_misc":{"Predpokladan\u00fd \u010das \u010d\u00edtania":"1 min\u00fata"},"schema":{"@context":"https:\/\/schema.org","@graph":[{"@type":"WebPage","@id":"https:\/\/behr.sk\/citroen\/dunajska-streda\/novinky\/","url":"https:\/\/behr.sk\/citroen\/dunajska-streda\/novinky\/","name":"Novinky zo sveta Citro\u00ebn | Citro\u00ebn B\u00c9HR s. r. o.","isPartOf":{"@id":"https:\/\/behr.sk\/citroen\/dunajska-streda\/#website"},"datePublished":"2023-05-22T09:05:05+00:00","dateModified":"2024-03-15T07:37:43+00:00","description":"Pre\u010d\u00edtajte si novinky zo sveta Citro\u00ebn. Spolo\u010dnos\u0165 Citro\u00ebn neust\u00e1le napreduje, v\u010faka akut\u00e1lnym inform\u00e1ci\u00e1m tak zostanete v obraze.","breadcrumb":{"@id":"https:\/\/behr.sk\/citroen\/dunajska-streda\/novinky\/#breadcrumb"},"inLanguage":"sk-SK","potentialAction":[{"@type":"ReadAction","target":["https:\/\/behr.sk\/citroen\/dunajska-streda\/novinky\/"]}]},{"@type":"BreadcrumbList","@id":"https:\/\/behr.sk\/citroen\/dunajska-streda\/novinky\/#breadcrumb","itemListElement":[{"@type":"ListItem","position":1,"name":"Domovsk\u00e1 str\u00e1nka","item":"https:\/\/behr.sk\/citroen\/dunajska-streda\/"},{"@type":"ListItem","position":2,"name":"Novinky"}]},{"@type":"WebSite","@id":"https:\/\/behr.sk\/citroen\/dunajska-streda\/#website","url":"https:\/\/behr.sk\/citroen\/dunajska-streda\/","name":"Citroen BEHR Dunajsk\u00e1 Streda","description":"","potentialAction":[{"@type":"SearchAction","target":{"@type":"EntryPoint","urlTemplate":"https:\/\/behr.sk\/citroen\/dunajska-streda\/?s={search_term_string}"},"query-input":{"@type":"PropertyValueSpecification","valueRequired":true,"valueName":"search_term_string"}}],"inLanguage":"sk-SK"}]}},"_links":{"self":[{"href":"https:\/\/behr.sk\/citroen\/dunajska-streda\/wp-json\/wp\/v2\/pages\/39","targetHints":{"allow":["GET"]}}],"collection":[{"href":"https:\/\/behr.sk\/citroen\/dunajska-streda\/wp-json\/wp\/v2\/pages"}],"about":[{"href":"https:\/\/behr.sk\/citroen\/dunajska-streda\/wp-json\/wp\/v2\/types\/page"}],"author":[{"embeddable":true,"href":"https:\/\/behr.sk\/citroen\/dunajska-streda\/wp-json\/wp\/v2\/users\/1"}],"replies":[{"embeddable":true,"href":"https:\/\/behr.sk\/citroen\/dunajska-streda\/wp-json\/wp\/v2\/comments?post=39"}],"version-history":[{"count":20,"href":"https:\/\/behr.sk\/citroen\/dunajska-streda\/wp-json\/wp\/v2\/pages\/39\/revisions"}],"predecessor-version":[{"id":691,"href":"https:\/\/behr.sk\/citroen\/dunajska-streda\/wp-json\/wp\/v2\/pages\/39\/revisions\/691"}],"wp:attachment":[{"href":"https:\/\/behr.sk\/citroen\/dunajska-streda\/wp-json\/wp\/v2\/media?parent=39"}],"curies":[{"name":"wp","href":"https:\/\/api.w.org\/{rel}","templated":true}]}}