{"id":639080,"date":"2024-08-13T13:25:31","date_gmt":"2024-08-13T11:25:31","guid":{"rendered":"https:\/\/behr.sk\/citroen\/dunajska-streda\/?page_id=639080"},"modified":"2024-08-14T09:37:24","modified_gmt":"2024-08-14T07:37:24","slug":"subory-cookie","status":"publish","type":"page","link":"https:\/\/behr.sk\/citroen\/dunajska-streda\/subory-cookie\/","title":{"rendered":"S\u00fabory cookie"},"content":{"rendered":"<section class=\"l-section wpb_row us_custom_ef049d84 height_medium\"><div class=\"l-section-h i-cf\"><div class=\"g-cols vc_row via_grid cols_1 laptops-cols_inherit tablets-cols_inherit mobiles-cols_1 valign_top type_default stacking_default\"><div class=\"wpb_column vc_column_container\"><div class=\"vc_column-inner\"><h1 class=\"w-text us_custom_1f257949\"><span class=\"w-text-h\"><span class=\"w-text-value\">S\u00daBORY COOKIE<\/span><\/span><\/h1><div class=\"w-separator size_small\"><\/div><div class=\"g-cols wpb_row via_grid cols_1 laptops-cols_inherit tablets-cols_inherit mobiles-cols_1 valign_middle type_default stacking_default\" style=\"--columns-gap:3rem;\"><div class=\"wpb_column vc_column_container\"><div class=\"vc_column-inner\"><div class=\"wpb_text_column\"><div class=\"wpb_wrapper\"><p>Ochrana Va\u0161ej s\u00fakromnej sf\u00e9ry pri pou\u017e\u00edvan\u00ed na\u0161ej webovej str\u00e1nky je pre n\u00e1s obzvl\u00e1\u0161\u0165 d\u00f4le\u017eit\u00e1. Preto v\u00e1m v \u010fal\u0161om poskytneme podrobn\u00e9 inform\u00e1cie o z\u00edskavan\u00ed osobn\u00fdch \u00fadajov a neosobn\u00fdch \u00fadajov.<\/p>\n<p>Pr\u00e1vo na pou\u017e\u00edvanie osobn\u00fdch ako aj anonymn\u00fdch \u00fadajov prin\u00e1le\u017e\u00ed v rozsahu stanovenom z\u00e1konom spolo\u010dnosti AUTOSERVIS B\u00c9HR &amp; B\u00c9HR, spol. s r.o., s v\u00fdhradou v \u010fal\u0161om pop\u00edsan\u00fdch pr\u00e1v dotknut\u00fdch os\u00f4b.<\/p>\n<p>Na tejto webovej str\u00e1nke sa pou\u017e\u00edva softv\u00e9r na analyzovanie jej pou\u017e\u00edvania. Vyhodnocovan\u00edm t\u00fdchto \u00fadajov je mo\u017en\u00e9 z\u00edska\u0165 cenn\u00e9 poznatky o potreb\u00e1ch jej u\u017e\u00edvate\u013eov. Tieto poznatky prispievaj\u00fa k \u010fal\u0161iemu zlep\u0161ovaniu kvality na\u0161ej ponuky. Jednotlivo sa neobmedzene ukladaj\u00fa o ka\u017edom vyvolan\u00ed str\u00e1nky nasledovn\u00e9 z\u00e1znamy \u00fadajov:<\/p>\n<ul class=\"mdw-text-list\">\n<li>anonymizovan\u00e1 forma IP &#8211; adresy do\u017eaduj\u00faceho po\u010d\u00edta\u010da,<\/li>\n<li>d\u00e1tum a hodina vyvolania resp. do\u017eiadania,<\/li>\n<li>n\u00e1zov do\u017eiadanej str\u00e1nky, resp. s\u00faboru,<\/li>\n<li>odkaz, z ktorej str\u00e1nky bola t\u00e1to str\u00e1nka vyvolan\u00e1,<\/li>\n<li>u\u017e\u00edvate\u013eom pou\u017eit\u00fd prehliada\u010d, vr\u00e1tane jeho verzie,<\/li>\n<li>u\u017e\u00edvate\u013eom pou\u017eit\u00fd opera\u010dn\u00fd syst\u00e9me.<\/li>\n<\/ul>\n<h3>\u010co s\u00fa to s\u00fabory cookie?<\/h3>\n<p>Tieto z\u00e1sady pou\u017e\u00edvania s\u00faborov cookie vysvet\u013euj\u00fa, \u010do s\u00fa s\u00fabory cookie a ako ich pou\u017e\u00edvame, ak\u00e9 typy s\u00faborov cookie pou\u017e\u00edvame, t. j. ak\u00e9 inform\u00e1cie zhroma\u017e\u010fujeme pomocou s\u00faborov cookie a ako sa tieto inform\u00e1cie pou\u017e\u00edvaj\u00fa, a ako spravova\u0165 nastavenia s\u00faborov cookie.<\/p>\n<p>S\u00fabory cookie s\u00fa mal\u00e9 textov\u00e9 s\u00fabory, ktor\u00e9 sa pou\u017e\u00edvaj\u00fa na ukladanie mal\u00fdch inform\u00e1ci\u00ed. Ukladaj\u00fa sa do v\u00e1\u0161ho zariadenia pri na\u010d\u00edtan\u00ed webovej str\u00e1nky v prehliada\u010di. Tieto s\u00fabory cookie n\u00e1m pom\u00e1haj\u00fa zabezpe\u010di\u0165 spr\u00e1vne fungovanie webovej lokality, zv\u00fd\u0161i\u0165 jej bezpe\u010dnos\u0165, poskytn\u00fa\u0165 pou\u017e\u00edvate\u013eom lep\u0161\u00ed z\u00e1\u017eitok a pochopi\u0165, ako webov\u00e1 lokalita funguje, a analyzova\u0165, \u010do funguje a kde je potrebn\u00e9 zlep\u0161enie.<\/p>\n<h3>Ako pou\u017e\u00edvame s\u00fabory cookie?<\/h3>\n<p>Ako v\u00e4\u010d\u0161ina online slu\u017eieb, aj na\u0161a webov\u00e1 str\u00e1nka pou\u017e\u00edva s\u00fabory cookie prvej strany a tretej strany na viacer\u00e9 \u00fa\u010dely. S\u00fabory cookie prvej strany s\u00fa v\u00e4\u010d\u0161inou potrebn\u00e9 na spr\u00e1vne fungovanie webovej str\u00e1nky a nezhroma\u017e\u010fuj\u00fa \u017eiadne va\u0161e osobn\u00e9 \u00fadaje.<\/p>\n<p>S\u00fabory cookie tret\u00edch str\u00e1n pou\u017e\u00edvan\u00e9 na na\u0161ej webovej lokalite sl\u00fa\u017eia najm\u00e4 na pochopenie toho, ako webov\u00e1 lokalita funguje, ako s \u0148ou komunikujete, na udr\u017eiavanie bezpe\u010dnosti na\u0161ich slu\u017eieb, na poskytovanie rekl\u00e1m, ktor\u00e9 s\u00fa pre v\u00e1s relevantn\u00e9, a celkovo v\u00e1m poskytuj\u00fa lep\u0161\u00ed a lep\u0161\u00ed pou\u017e\u00edvate\u013esk\u00fd z\u00e1\u017eitok a pom\u00e1haj\u00fa ur\u00fdchli\u0165 va\u0161e bud\u00face interakcie s na\u0161ou webovou lokalitou.<\/p>\n<h2>SMERNICA O S\u00daBOROCH COOKIE<\/h2>\n<p>Svoje nastavenia s\u00faborov cookie m\u00f4\u017eete kedyko\u013evek zmeni\u0165 kliknut\u00edm na vy\u0161\u0161ie uveden\u00e9 tla\u010didlo. To v\u00e1m umo\u017en\u00ed op\u00e4tovne nav\u0161t\u00edvi\u0165 banner so s\u00fahlasom so s\u00fabormi cookie a zmeni\u0165 svoje preferencie alebo svoj s\u00fahlas hne\u010f odvola\u0165.<\/p>\n<p>Okrem toho r\u00f4zne prehliada\u010de poskytuj\u00fa r\u00f4zne met\u00f3dy blokovania a odstra\u0148ovania s\u00faborov cookie pou\u017e\u00edvan\u00fdch webov\u00fdmi str\u00e1nkami. M\u00f4\u017eete zmeni\u0165 nastavenia svojho prehliada\u010da a zablokova\u0165\/vymaza\u0165 s\u00fabory cookie. Ni\u017e\u0161ie s\u00fa uveden\u00e9 odkazy na podporn\u00e9 dokumenty o tom, ako spravova\u0165 a odstra\u0148ova\u0165 s\u00fabory cookie z hlavn\u00fdch webov\u00fdch prehliada\u010dov.<\/p>\n<p>Chrome: <a href=\"https:\/\/support.google.com\/accounts\/answer\/32050\" target=\"_blank\" rel=\"noopener noreferrer\">https:\/\/support.google.com\/accounts\/answer\/32050<\/a><\/p>\n<p>Safari: <a href=\"https:\/\/support.apple.com\/en-in\/guide\/safari\/sfri11471\/mac\" target=\"_blank\" rel=\"noopener noreferrer\">https:\/\/support.apple.com\/en-in\/guide\/safari\/sfri11471\/mac<\/a><\/p>\n<p>Firefox: <a href=\"https:\/\/support.mozilla.org\/en-US\/kb\/clear-cookies-and-site-data-firefox?redirectslug=delete-cookies-remove-info-websites-stored&amp;redirectlocale=en-US\" target=\"_blank\" rel=\"noopener noreferrer\">https:\/\/support.mozilla.org\/en-US\/kb\/clear-cookies-and-site-data-firefox?redirectslug=delete-cookies-remove-info-websites-stored&amp;redirectlocale=en-US<\/a><\/p>\n<p>Internet Explorer: <a href=\"https:\/\/support.microsoft.com\/en-us\/topic\/how-to-delete-cookie-files-in-internet-explorer-bca9446f-d873-78de-77ba-d42645fa52fc\" target=\"_blank\" rel=\"noopener noreferrer\">https:\/\/support.microsoft.com\/en-us\/topic\/how-to-delete-cookie-files-in-internet-explorer-bca9446f-d873-78de-77ba-d42645fa52fc<\/a><\/p>\n<p>Ak pou\u017e\u00edvate in\u00fd webov\u00fd prehliada\u010d, nav\u0161t\u00edvte ofici\u00e1lne dokumenty podpory v\u00e1\u0161ho prehliada\u010da.<\/p>\n<\/div><\/div><\/div><\/div><\/div><\/div><\/div><\/div><\/div><\/section>\n","protected":false},"excerpt":{"rendered":"S\u00daBORY COOKIEOchrana Va\u0161ej s\u00fakromnej sf\u00e9ry pri pou\u017e\u00edvan\u00ed na\u0161ej webovej str\u00e1nky je pre n\u00e1s obzvl\u00e1\u0161\u0165 d\u00f4le\u017eit\u00e1. Preto v\u00e1m v \u010fal\u0161om poskytneme podrobn\u00e9 inform\u00e1cie o z\u00edskavan\u00ed osobn\u00fdch \u00fadajov a neosobn\u00fdch \u00fadajov. Pr\u00e1vo na pou\u017e\u00edvanie osobn\u00fdch ako aj anonymn\u00fdch \u00fadajov prin\u00e1le\u017e\u00ed v rozsahu stanovenom z\u00e1konom spolo\u010dnosti AUTOSERVIS B\u00c9HR &amp; B\u00c9HR, spol. s r.o., s v\u00fdhradou v \u010fal\u0161om pop\u00edsan\u00fdch...","protected":false},"author":1,"featured_media":0,"parent":0,"menu_order":0,"comment_status":"closed","ping_status":"closed","template":"","meta":{"_acf_changed":false,"footnotes":""},"class_list":["post-639080","page","type-page","status-publish","hentry"],"acf":[],"yoast_head":"<!-- This site is optimized with the Yoast SEO plugin v26.8 - https:\/\/yoast.com\/product\/yoast-seo-wordpress\/ -->\n<title>S\u00fabory cookie - Citroen BEHR Dunajsk\u00e1 Streda<\/title>\n<meta name=\"robots\" content=\"index, follow, max-snippet:-1, max-image-preview:large, max-video-preview:-1\" \/>\n<link rel=\"canonical\" href=\"https:\/\/behr.sk\/citroen\/dunajska-streda\/subory-cookie\/\" \/>\n<meta property=\"og:locale\" content=\"sk_SK\" \/>\n<meta property=\"og:type\" content=\"article\" \/>\n<meta property=\"og:title\" content=\"S\u00fabory cookie - Citroen BEHR Dunajsk\u00e1 Streda\" \/>\n<meta property=\"og:url\" content=\"https:\/\/behr.sk\/citroen\/dunajska-streda\/subory-cookie\/\" \/>\n<meta property=\"og:site_name\" content=\"Citroen BEHR Dunajsk\u00e1 Streda\" \/>\n<meta property=\"article:modified_time\" content=\"2024-08-14T07:37:24+00:00\" \/>\n<meta name=\"twitter:card\" content=\"summary_large_image\" \/>\n<meta name=\"twitter:label1\" content=\"Predpokladan\u00fd \u010das \u010d\u00edtania\" \/>\n\t<meta name=\"twitter:data1\" content=\"3 min\u00faty\" \/>\n<script type=\"application\/ld+json\" class=\"yoast-schema-graph\">{\"@context\":\"https:\/\/schema.org\",\"@graph\":[{\"@type\":\"WebPage\",\"@id\":\"https:\/\/behr.sk\/citroen\/dunajska-streda\/subory-cookie\/\",\"url\":\"https:\/\/behr.sk\/citroen\/dunajska-streda\/subory-cookie\/\",\"name\":\"S\u00fabory cookie - Citroen BEHR Dunajsk\u00e1 Streda\",\"isPartOf\":{\"@id\":\"https:\/\/behr.sk\/citroen\/dunajska-streda\/#website\"},\"datePublished\":\"2024-08-13T11:25:31+00:00\",\"dateModified\":\"2024-08-14T07:37:24+00:00\",\"breadcrumb\":{\"@id\":\"https:\/\/behr.sk\/citroen\/dunajska-streda\/subory-cookie\/#breadcrumb\"},\"inLanguage\":\"sk-SK\",\"potentialAction\":[{\"@type\":\"ReadAction\",\"target\":[\"https:\/\/behr.sk\/citroen\/dunajska-streda\/subory-cookie\/\"]}]},{\"@type\":\"BreadcrumbList\",\"@id\":\"https:\/\/behr.sk\/citroen\/dunajska-streda\/subory-cookie\/#breadcrumb\",\"itemListElement\":[{\"@type\":\"ListItem\",\"position\":1,\"name\":\"Domovsk\u00e1 str\u00e1nka\",\"item\":\"https:\/\/behr.sk\/citroen\/dunajska-streda\/\"},{\"@type\":\"ListItem\",\"position\":2,\"name\":\"S\u00fabory cookie\"}]},{\"@type\":\"WebSite\",\"@id\":\"https:\/\/behr.sk\/citroen\/dunajska-streda\/#website\",\"url\":\"https:\/\/behr.sk\/citroen\/dunajska-streda\/\",\"name\":\"Citroen BEHR Dunajsk\u00e1 Streda\",\"description\":\"\",\"potentialAction\":[{\"@type\":\"SearchAction\",\"target\":{\"@type\":\"EntryPoint\",\"urlTemplate\":\"https:\/\/behr.sk\/citroen\/dunajska-streda\/?s={search_term_string}\"},\"query-input\":{\"@type\":\"PropertyValueSpecification\",\"valueRequired\":true,\"valueName\":\"search_term_string\"}}],\"inLanguage\":\"sk-SK\"}]}<\/script>\n<!-- \/ Yoast SEO plugin. -->","yoast_head_json":{"title":"S\u00fabory cookie - Citroen BEHR Dunajsk\u00e1 Streda","robots":{"index":"index","follow":"follow","max-snippet":"max-snippet:-1","max-image-preview":"max-image-preview:large","max-video-preview":"max-video-preview:-1"},"canonical":"https:\/\/behr.sk\/citroen\/dunajska-streda\/subory-cookie\/","og_locale":"sk_SK","og_type":"article","og_title":"S\u00fabory cookie - Citroen BEHR Dunajsk\u00e1 Streda","og_url":"https:\/\/behr.sk\/citroen\/dunajska-streda\/subory-cookie\/","og_site_name":"Citroen BEHR Dunajsk\u00e1 Streda","article_modified_time":"2024-08-14T07:37:24+00:00","twitter_card":"summary_large_image","twitter_misc":{"Predpokladan\u00fd \u010das \u010d\u00edtania":"3 min\u00faty"},"schema":{"@context":"https:\/\/schema.org","@graph":[{"@type":"WebPage","@id":"https:\/\/behr.sk\/citroen\/dunajska-streda\/subory-cookie\/","url":"https:\/\/behr.sk\/citroen\/dunajska-streda\/subory-cookie\/","name":"S\u00fabory cookie - Citroen BEHR Dunajsk\u00e1 Streda","isPartOf":{"@id":"https:\/\/behr.sk\/citroen\/dunajska-streda\/#website"},"datePublished":"2024-08-13T11:25:31+00:00","dateModified":"2024-08-14T07:37:24+00:00","breadcrumb":{"@id":"https:\/\/behr.sk\/citroen\/dunajska-streda\/subory-cookie\/#breadcrumb"},"inLanguage":"sk-SK","potentialAction":[{"@type":"ReadAction","target":["https:\/\/behr.sk\/citroen\/dunajska-streda\/subory-cookie\/"]}]},{"@type":"BreadcrumbList","@id":"https:\/\/behr.sk\/citroen\/dunajska-streda\/subory-cookie\/#breadcrumb","itemListElement":[{"@type":"ListItem","position":1,"name":"Domovsk\u00e1 str\u00e1nka","item":"https:\/\/behr.sk\/citroen\/dunajska-streda\/"},{"@type":"ListItem","position":2,"name":"S\u00fabory cookie"}]},{"@type":"WebSite","@id":"https:\/\/behr.sk\/citroen\/dunajska-streda\/#website","url":"https:\/\/behr.sk\/citroen\/dunajska-streda\/","name":"Citroen BEHR Dunajsk\u00e1 Streda","description":"","potentialAction":[{"@type":"SearchAction","target":{"@type":"EntryPoint","urlTemplate":"https:\/\/behr.sk\/citroen\/dunajska-streda\/?s={search_term_string}"},"query-input":{"@type":"PropertyValueSpecification","valueRequired":true,"valueName":"search_term_string"}}],"inLanguage":"sk-SK"}]}},"_links":{"self":[{"href":"https:\/\/behr.sk\/citroen\/dunajska-streda\/wp-json\/wp\/v2\/pages\/639080","targetHints":{"allow":["GET"]}}],"collection":[{"href":"https:\/\/behr.sk\/citroen\/dunajska-streda\/wp-json\/wp\/v2\/pages"}],"about":[{"href":"https:\/\/behr.sk\/citroen\/dunajska-streda\/wp-json\/wp\/v2\/types\/page"}],"author":[{"embeddable":true,"href":"https:\/\/behr.sk\/citroen\/dunajska-streda\/wp-json\/wp\/v2\/users\/1"}],"replies":[{"embeddable":true,"href":"https:\/\/behr.sk\/citroen\/dunajska-streda\/wp-json\/wp\/v2\/comments?post=639080"}],"version-history":[{"count":2,"href":"https:\/\/behr.sk\/citroen\/dunajska-streda\/wp-json\/wp\/v2\/pages\/639080\/revisions"}],"predecessor-version":[{"id":639084,"href":"https:\/\/behr.sk\/citroen\/dunajska-streda\/wp-json\/wp\/v2\/pages\/639080\/revisions\/639084"}],"wp:attachment":[{"href":"https:\/\/behr.sk\/citroen\/dunajska-streda\/wp-json\/wp\/v2\/media?parent=639080"}],"curies":[{"name":"wp","href":"https:\/\/api.w.org\/{rel}","templated":true}]}}