{"id":641962,"date":"2026-03-09T20:02:31","date_gmt":"2026-03-09T19:02:31","guid":{"rendered":"https:\/\/behr.sk\/citroen\/dunajska-streda\/produkt\/citroen-c4-plus-puretech-130-ss-eat8-2\/"},"modified":"2026-03-09T20:02:31","modified_gmt":"2026-03-09T19:02:31","slug":"citroen-c4-plus-puretech-130-ss-eat8-2","status":"publish","type":"product","link":"https:\/\/behr.sk\/citroen\/dunajska-streda\/produkt\/citroen-c4-plus-puretech-130-ss-eat8-2\/","title":{"rendered":"Citro\u00ebn C4 PLUS PureTech 130 S&amp;S EAT8"},"content":{"rendered":"<p>ABS, ESP, Imobiliz\u00e9r, Isofix, Autor\u00e1dio, Bluetooth handsfree, Dia\u013ekov\u00e9 ovl\u00e1danie zamykania, Dotykov\u00fd displej, Elektrick\u00e9 okn\u00e1, Elektrick\u00e9 zrkadl\u00e1, Klimatiz\u00e1cia, Multifunk\u010dn\u00fd volant, Palubn\u00fd po\u010d\u00edta\u010d, Parkovacie senzory, Tempomat, Vyhrievan\u00e9 seda\u010dky, Vyhrievan\u00e9 zrkadl\u00e1, Vonkaj\u0161\u00ed teplomer, Apple CarPlay, Android Auto, Virtu\u00e1lny kokpit<\/p>\n","protected":false},"excerpt":{"rendered":"<p>ABS, ESP, Imobiliz\u00e9r, Isofix, Autor\u00e1dio, Bluetooth handsfree, Dia\u013ekov\u00e9 ovl\u00e1danie zamykania, Dotykov\u00fd displej, Elektrick\u00e9 okn\u00e1, Elektrick\u00e9 zrkadl\u00e1, Klimatiz\u00e1cia, Multifunk\u010dn\u00fd volant, Palubn\u00fd po\u010d\u00edta\u010d, Parkovacie senzory, Tempomat, Vyhrievan\u00e9 seda\u010dky, Vyhrievan\u00e9 zrkadl\u00e1, Vonkaj\u0161\u00ed teplomer, Apple CarPlay, Android Auto, Virtu\u00e1lny kokpit<\/p>\n","protected":false},"featured_media":641963,"template":"","meta":{"_acf_changed":false},"product_cat":[24],"product_tag":[40],"class_list":{"0":"post-641962","1":"product","2":"type-product","3":"status-publish","4":"has-post-thumbnail","6":"product_cat-citroen","7":"product_tag-c4","8":"pa_akost-nove-vozidlo","9":"pa_stav-nove","11":"first","12":"instock","13":"purchasable","14":"product-type-simple"},"acf":[],"yoast_head":"<!-- This site is optimized with the Yoast SEO plugin v26.8 - https:\/\/yoast.com\/product\/yoast-seo-wordpress\/ -->\n<title>Citro\u00ebn C4 PLUS PureTech 130 S&amp;S EAT8 - Citroen BEHR Dunajsk\u00e1 Streda<\/title>\n<meta name=\"robots\" content=\"index, follow, max-snippet:-1, max-image-preview:large, max-video-preview:-1\" \/>\n<link rel=\"canonical\" href=\"https:\/\/behr.sk\/citroen\/dunajska-streda\/produkt\/citroen-c4-plus-puretech-130-ss-eat8-2\/\" \/>\n<meta property=\"og:locale\" content=\"sk_SK\" \/>\n<meta property=\"og:type\" content=\"article\" \/>\n<meta property=\"og:title\" content=\"Citro\u00ebn C4 PLUS PureTech 130 S&amp;S EAT8 - Citroen BEHR Dunajsk\u00e1 Streda\" \/>\n<meta property=\"og:description\" content=\"ABS, ESP, Imobiliz\u00e9r, Isofix, Autor\u00e1dio, Bluetooth handsfree, Dia\u013ekov\u00e9 ovl\u00e1danie zamykania, Dotykov\u00fd displej, Elektrick\u00e9 okn\u00e1, Elektrick\u00e9 zrkadl\u00e1, Klimatiz\u00e1cia, Multifunk\u010dn\u00fd volant, Palubn\u00fd po\u010d\u00edta\u010d, Parkovacie senzory, Tempomat, Vyhrievan\u00e9 seda\u010dky, Vyhrievan\u00e9 zrkadl\u00e1, Vonkaj\u0161\u00ed teplomer, Apple CarPlay, Android Auto, Virtu\u00e1lny kokpit\" \/>\n<meta property=\"og:url\" content=\"https:\/\/behr.sk\/citroen\/dunajska-streda\/produkt\/citroen-c4-plus-puretech-130-ss-eat8-2\/\" \/>\n<meta property=\"og:site_name\" content=\"Citroen BEHR Dunajsk\u00e1 Streda\" \/>\n<meta property=\"og:image\" content=\"https:\/\/behr.sk\/citroen\/dunajska-streda\/wp-content\/uploads\/sites\/3\/2026\/01\/EN5OYa_UX_fss.jpeg\" \/>\n\t<meta property=\"og:image:width\" content=\"810\" \/>\n\t<meta property=\"og:image:height\" content=\"1080\" \/>\n\t<meta property=\"og:image:type\" content=\"image\/jpeg\" \/>\n<meta name=\"twitter:card\" content=\"summary_large_image\" \/>\n<script type=\"application\/ld+json\" class=\"yoast-schema-graph\">{\"@context\":\"https:\/\/schema.org\",\"@graph\":[{\"@type\":\"WebPage\",\"@id\":\"https:\/\/behr.sk\/citroen\/dunajska-streda\/produkt\/citroen-c4-plus-puretech-130-ss-eat8-2\/\",\"url\":\"https:\/\/behr.sk\/citroen\/dunajska-streda\/produkt\/citroen-c4-plus-puretech-130-ss-eat8-2\/\",\"name\":\"Citro\u00ebn C4 PLUS PureTech 130 S&amp;S EAT8 - Citroen BEHR Dunajsk\u00e1 Streda\",\"isPartOf\":{\"@id\":\"https:\/\/behr.sk\/citroen\/dunajska-streda\/#website\"},\"primaryImageOfPage\":{\"@id\":\"https:\/\/behr.sk\/citroen\/dunajska-streda\/produkt\/citroen-c4-plus-puretech-130-ss-eat8-2\/#primaryimage\"},\"image\":{\"@id\":\"https:\/\/behr.sk\/citroen\/dunajska-streda\/produkt\/citroen-c4-plus-puretech-130-ss-eat8-2\/#primaryimage\"},\"thumbnailUrl\":\"https:\/\/behr.sk\/citroen\/dunajska-streda\/wp-content\/uploads\/sites\/3\/2026\/01\/EN5OYa_UX_fss.jpeg\",\"datePublished\":\"2026-03-09T19:02:31+00:00\",\"breadcrumb\":{\"@id\":\"https:\/\/behr.sk\/citroen\/dunajska-streda\/produkt\/citroen-c4-plus-puretech-130-ss-eat8-2\/#breadcrumb\"},\"inLanguage\":\"sk-SK\",\"potentialAction\":[{\"@type\":\"ReadAction\",\"target\":[\"https:\/\/behr.sk\/citroen\/dunajska-streda\/produkt\/citroen-c4-plus-puretech-130-ss-eat8-2\/\"]}]},{\"@type\":\"ImageObject\",\"inLanguage\":\"sk-SK\",\"@id\":\"https:\/\/behr.sk\/citroen\/dunajska-streda\/produkt\/citroen-c4-plus-puretech-130-ss-eat8-2\/#primaryimage\",\"url\":\"https:\/\/behr.sk\/citroen\/dunajska-streda\/wp-content\/uploads\/sites\/3\/2026\/01\/EN5OYa_UX_fss.jpeg\",\"contentUrl\":\"https:\/\/behr.sk\/citroen\/dunajska-streda\/wp-content\/uploads\/sites\/3\/2026\/01\/EN5OYa_UX_fss.jpeg\",\"width\":810,\"height\":1080},{\"@type\":\"BreadcrumbList\",\"@id\":\"https:\/\/behr.sk\/citroen\/dunajska-streda\/produkt\/citroen-c4-plus-puretech-130-ss-eat8-2\/#breadcrumb\",\"itemListElement\":[{\"@type\":\"ListItem\",\"position\":1,\"name\":\"Domovsk\u00e1 str\u00e1nka\",\"item\":\"https:\/\/behr.sk\/citroen\/dunajska-streda\/\"},{\"@type\":\"ListItem\",\"position\":2,\"name\":\"Obchod\",\"item\":\"https:\/\/behr.sk\/citroen\/dunajska-streda\/obchod\/\"},{\"@type\":\"ListItem\",\"position\":3,\"name\":\"Citro\u00ebn C4 PLUS PureTech 130 S&amp;S EAT8\"}]},{\"@type\":\"WebSite\",\"@id\":\"https:\/\/behr.sk\/citroen\/dunajska-streda\/#website\",\"url\":\"https:\/\/behr.sk\/citroen\/dunajska-streda\/\",\"name\":\"Citroen BEHR Dunajsk\u00e1 Streda\",\"description\":\"\",\"potentialAction\":[{\"@type\":\"SearchAction\",\"target\":{\"@type\":\"EntryPoint\",\"urlTemplate\":\"https:\/\/behr.sk\/citroen\/dunajska-streda\/?s={search_term_string}\"},\"query-input\":{\"@type\":\"PropertyValueSpecification\",\"valueRequired\":true,\"valueName\":\"search_term_string\"}}],\"inLanguage\":\"sk-SK\"}]}<\/script>\n<!-- \/ Yoast SEO plugin. -->","yoast_head_json":{"title":"Citro\u00ebn C4 PLUS PureTech 130 S&amp;S EAT8 - Citroen BEHR Dunajsk\u00e1 Streda","robots":{"index":"index","follow":"follow","max-snippet":"max-snippet:-1","max-image-preview":"max-image-preview:large","max-video-preview":"max-video-preview:-1"},"canonical":"https:\/\/behr.sk\/citroen\/dunajska-streda\/produkt\/citroen-c4-plus-puretech-130-ss-eat8-2\/","og_locale":"sk_SK","og_type":"article","og_title":"Citro\u00ebn C4 PLUS PureTech 130 S&amp;S EAT8 - Citroen BEHR Dunajsk\u00e1 Streda","og_description":"ABS, ESP, Imobiliz\u00e9r, Isofix, Autor\u00e1dio, Bluetooth handsfree, Dia\u013ekov\u00e9 ovl\u00e1danie zamykania, Dotykov\u00fd displej, Elektrick\u00e9 okn\u00e1, Elektrick\u00e9 zrkadl\u00e1, Klimatiz\u00e1cia, Multifunk\u010dn\u00fd volant, Palubn\u00fd po\u010d\u00edta\u010d, Parkovacie senzory, Tempomat, Vyhrievan\u00e9 seda\u010dky, Vyhrievan\u00e9 zrkadl\u00e1, Vonkaj\u0161\u00ed teplomer, Apple CarPlay, Android Auto, Virtu\u00e1lny kokpit","og_url":"https:\/\/behr.sk\/citroen\/dunajska-streda\/produkt\/citroen-c4-plus-puretech-130-ss-eat8-2\/","og_site_name":"Citroen BEHR Dunajsk\u00e1 Streda","og_image":[{"width":810,"height":1080,"url":"https:\/\/behr.sk\/citroen\/dunajska-streda\/wp-content\/uploads\/sites\/3\/2026\/01\/EN5OYa_UX_fss.jpeg","type":"image\/jpeg"}],"twitter_card":"summary_large_image","schema":{"@context":"https:\/\/schema.org","@graph":[{"@type":"WebPage","@id":"https:\/\/behr.sk\/citroen\/dunajska-streda\/produkt\/citroen-c4-plus-puretech-130-ss-eat8-2\/","url":"https:\/\/behr.sk\/citroen\/dunajska-streda\/produkt\/citroen-c4-plus-puretech-130-ss-eat8-2\/","name":"Citro\u00ebn C4 PLUS PureTech 130 S&amp;S EAT8 - Citroen BEHR Dunajsk\u00e1 Streda","isPartOf":{"@id":"https:\/\/behr.sk\/citroen\/dunajska-streda\/#website"},"primaryImageOfPage":{"@id":"https:\/\/behr.sk\/citroen\/dunajska-streda\/produkt\/citroen-c4-plus-puretech-130-ss-eat8-2\/#primaryimage"},"image":{"@id":"https:\/\/behr.sk\/citroen\/dunajska-streda\/produkt\/citroen-c4-plus-puretech-130-ss-eat8-2\/#primaryimage"},"thumbnailUrl":"https:\/\/behr.sk\/citroen\/dunajska-streda\/wp-content\/uploads\/sites\/3\/2026\/01\/EN5OYa_UX_fss.jpeg","datePublished":"2026-03-09T19:02:31+00:00","breadcrumb":{"@id":"https:\/\/behr.sk\/citroen\/dunajska-streda\/produkt\/citroen-c4-plus-puretech-130-ss-eat8-2\/#breadcrumb"},"inLanguage":"sk-SK","potentialAction":[{"@type":"ReadAction","target":["https:\/\/behr.sk\/citroen\/dunajska-streda\/produkt\/citroen-c4-plus-puretech-130-ss-eat8-2\/"]}]},{"@type":"ImageObject","inLanguage":"sk-SK","@id":"https:\/\/behr.sk\/citroen\/dunajska-streda\/produkt\/citroen-c4-plus-puretech-130-ss-eat8-2\/#primaryimage","url":"https:\/\/behr.sk\/citroen\/dunajska-streda\/wp-content\/uploads\/sites\/3\/2026\/01\/EN5OYa_UX_fss.jpeg","contentUrl":"https:\/\/behr.sk\/citroen\/dunajska-streda\/wp-content\/uploads\/sites\/3\/2026\/01\/EN5OYa_UX_fss.jpeg","width":810,"height":1080},{"@type":"BreadcrumbList","@id":"https:\/\/behr.sk\/citroen\/dunajska-streda\/produkt\/citroen-c4-plus-puretech-130-ss-eat8-2\/#breadcrumb","itemListElement":[{"@type":"ListItem","position":1,"name":"Domovsk\u00e1 str\u00e1nka","item":"https:\/\/behr.sk\/citroen\/dunajska-streda\/"},{"@type":"ListItem","position":2,"name":"Obchod","item":"https:\/\/behr.sk\/citroen\/dunajska-streda\/obchod\/"},{"@type":"ListItem","position":3,"name":"Citro\u00ebn C4 PLUS PureTech 130 S&amp;S EAT8"}]},{"@type":"WebSite","@id":"https:\/\/behr.sk\/citroen\/dunajska-streda\/#website","url":"https:\/\/behr.sk\/citroen\/dunajska-streda\/","name":"Citroen BEHR Dunajsk\u00e1 Streda","description":"","potentialAction":[{"@type":"SearchAction","target":{"@type":"EntryPoint","urlTemplate":"https:\/\/behr.sk\/citroen\/dunajska-streda\/?s={search_term_string}"},"query-input":{"@type":"PropertyValueSpecification","valueRequired":true,"valueName":"search_term_string"}}],"inLanguage":"sk-SK"}]}},"_links":{"self":[{"href":"https:\/\/behr.sk\/citroen\/dunajska-streda\/wp-json\/wp\/v2\/product\/641962","targetHints":{"allow":["GET"]}}],"collection":[{"href":"https:\/\/behr.sk\/citroen\/dunajska-streda\/wp-json\/wp\/v2\/product"}],"about":[{"href":"https:\/\/behr.sk\/citroen\/dunajska-streda\/wp-json\/wp\/v2\/types\/product"}],"wp:featuredmedia":[{"embeddable":true,"href":"https:\/\/behr.sk\/citroen\/dunajska-streda\/wp-json\/wp\/v2\/media\/641963"}],"wp:attachment":[{"href":"https:\/\/behr.sk\/citroen\/dunajska-streda\/wp-json\/wp\/v2\/media?parent=641962"}],"wp:term":[{"taxonomy":"product_cat","embeddable":true,"href":"https:\/\/behr.sk\/citroen\/dunajska-streda\/wp-json\/wp\/v2\/product_cat?post=641962"},{"taxonomy":"product_tag","embeddable":true,"href":"https:\/\/behr.sk\/citroen\/dunajska-streda\/wp-json\/wp\/v2\/product_tag?post=641962"}],"curies":[{"name":"wp","href":"https:\/\/api.w.org\/{rel}","templated":true}]}}