{"id":641239,"date":"2026-03-09T20:01:20","date_gmt":"2026-03-09T19:01:20","guid":{"rendered":"https:\/\/behr.sk\/citroen\/trnava\/produkt\/citroen-c5-aircross-bluehdi-130-ss-shine-pack-a-t\/"},"modified":"2026-03-09T20:01:21","modified_gmt":"2026-03-09T19:01:21","slug":"citroen-c5-aircross-bluehdi-130-ss-shine-pack-a-t","status":"publish","type":"product","link":"https:\/\/behr.sk\/citroen\/trnava\/produkt\/citroen-c5-aircross-bluehdi-130-ss-shine-pack-a-t\/","title":{"rendered":"Citro\u00ebn C5 Aircross BlueHDi 130 S&amp;S Shine Pack A\/T"},"content":{"rendered":"<p>ABS, Adapt\u00edvny tempomat, Airbagy, ASR, Centr\u00e1lne zamykanie, EBD, ESP, Imobiliz\u00e9r, Parkovacia kamera, Syst\u00e9m ties\u0148ov\u00e9ho volania (e-Call), Autor\u00e1dio, Bezdotykov\u00e9 otv\u00e1ranie kufra, Bezk\u013e\u00fa\u010dov\u00e9 otv\u00e1ranie dver\u00ed, Bezk\u013e\u00fa\u010dov\u00e9 \u0161tartovanie, Bluetooth handsfree, Dia\u013ekov\u00e9 ovl\u00e1danie zamykania, Dotykov\u00fd displej, Elektrick\u00e9 okn\u00e1, Elektrick\u00e9 zrkadl\u00e1, Klimatiz\u00e1cia, Klimatizovan\u00e1 priehradka, Lak\u0165ov\u00e1 opierka, LED svetlomety, Multifunk\u010dn\u00fd volant, Naviga\u010dn\u00fd syst\u00e9m, Palubn\u00fd po\u010d\u00edta\u010d, Tempomat, Vyhrievan\u00e9 seda\u010dky, Vyhrievan\u00e9 zrkadl\u00e1, Apple CarPlay, Android Auto, Asistent rozjazdu do kopca, Da\u017e\u010fov\u00fd senzor, Hlin\u00edkov\u00e9 disky, Hmlovky, Kontrola m\u0155tveho uhla, Stre\u0161n\u00fd nosi\u010d, Sveteln\u00fd senzor<\/p>\n","protected":false},"excerpt":{"rendered":"<p>ABS, Adapt\u00edvny tempomat, Airbagy, ASR, Centr\u00e1lne zamykanie, EBD, ESP, Imobiliz\u00e9r, Parkovacia kamera, Syst\u00e9m ties\u0148ov\u00e9ho volania (e-Call), Autor\u00e1dio, Bezdotykov\u00e9 otv\u00e1ranie kufra, Bezk\u013e\u00fa\u010dov\u00e9 otv\u00e1ranie dver\u00ed, Bezk\u013e\u00fa\u010dov\u00e9 \u0161tartovanie, Bluetooth handsfree, Dia\u013ekov\u00e9 ovl\u00e1danie zamykania, Dotykov\u00fd displej, Elektrick\u00e9 okn\u00e1, Elektrick\u00e9 zrkadl\u00e1, Klimatiz\u00e1cia, Klimatizovan\u00e1 priehradka, Lak\u0165ov\u00e1 opierka, LED svetlomety, Multifunk\u010dn\u00fd volant, Naviga\u010dn\u00fd syst\u00e9m, Palubn\u00fd po\u010d\u00edta\u010d, Tempomat, Vyhrievan\u00e9 seda\u010dky, Vyhrievan\u00e9 zrkadl\u00e1, Apple&#8230;<\/p>\n","protected":false},"featured_media":641240,"template":"","meta":{"_acf_changed":false},"product_cat":[24],"product_tag":[27],"class_list":{"0":"post-641239","1":"product","2":"type-product","3":"status-publish","4":"has-post-thumbnail","6":"product_cat-citroen","7":"product_tag-c5-aircross","8":"pa_akost-jazdene-vozidlo","9":"pa_stav-pouzivane","11":"first","12":"instock","13":"purchasable","14":"product-type-simple"},"acf":[],"yoast_head":"<!-- This site is optimized with the Yoast SEO plugin v26.8 - https:\/\/yoast.com\/product\/yoast-seo-wordpress\/ -->\n<title>Citro\u00ebn C5 Aircross BlueHDi 130 S&amp;S Shine Pack A\/T - Citroen BEHR Trnava<\/title>\n<meta name=\"robots\" content=\"index, follow, max-snippet:-1, max-image-preview:large, max-video-preview:-1\" \/>\n<link rel=\"canonical\" href=\"https:\/\/behr.sk\/citroen\/trnava\/produkt\/citroen-c5-aircross-bluehdi-130-ss-shine-pack-a-t\/\" \/>\n<meta property=\"og:locale\" content=\"sk_SK\" \/>\n<meta property=\"og:type\" content=\"article\" \/>\n<meta property=\"og:title\" content=\"Citro\u00ebn C5 Aircross BlueHDi 130 S&amp;S Shine Pack A\/T - Citroen BEHR Trnava\" \/>\n<meta property=\"og:description\" content=\"ABS, Adapt\u00edvny tempomat, Airbagy, ASR, Centr\u00e1lne zamykanie, EBD, ESP, Imobiliz\u00e9r, Parkovacia kamera, Syst\u00e9m ties\u0148ov\u00e9ho volania (e-Call), Autor\u00e1dio, Bezdotykov\u00e9 otv\u00e1ranie kufra, Bezk\u013e\u00fa\u010dov\u00e9 otv\u00e1ranie dver\u00ed, Bezk\u013e\u00fa\u010dov\u00e9 \u0161tartovanie, Bluetooth handsfree, Dia\u013ekov\u00e9 ovl\u00e1danie zamykania, Dotykov\u00fd displej, Elektrick\u00e9 okn\u00e1, Elektrick\u00e9 zrkadl\u00e1, Klimatiz\u00e1cia, Klimatizovan\u00e1 priehradka, Lak\u0165ov\u00e1 opierka, LED svetlomety, Multifunk\u010dn\u00fd volant, Naviga\u010dn\u00fd syst\u00e9m, Palubn\u00fd po\u010d\u00edta\u010d, Tempomat, Vyhrievan\u00e9 seda\u010dky, Vyhrievan\u00e9 zrkadl\u00e1, Apple...\" \/>\n<meta property=\"og:url\" content=\"https:\/\/behr.sk\/citroen\/trnava\/produkt\/citroen-c5-aircross-bluehdi-130-ss-shine-pack-a-t\/\" \/>\n<meta property=\"og:site_name\" content=\"Citroen BEHR Trnava\" \/>\n<meta property=\"article:modified_time\" content=\"2026-03-09T19:01:21+00:00\" \/>\n<meta property=\"og:image\" content=\"https:\/\/behr.sk\/citroen\/trnava\/wp-content\/uploads\/sites\/2\/2025\/04\/2Q5K3vC2iH_fss.jpeg\" \/>\n\t<meta property=\"og:image:width\" content=\"1440\" \/>\n\t<meta property=\"og:image:height\" content=\"1080\" \/>\n\t<meta property=\"og:image:type\" content=\"image\/jpeg\" \/>\n<meta name=\"twitter:card\" content=\"summary_large_image\" \/>\n<script type=\"application\/ld+json\" class=\"yoast-schema-graph\">{\"@context\":\"https:\/\/schema.org\",\"@graph\":[{\"@type\":\"WebPage\",\"@id\":\"https:\/\/behr.sk\/citroen\/trnava\/produkt\/citroen-c5-aircross-bluehdi-130-ss-shine-pack-a-t\/\",\"url\":\"https:\/\/behr.sk\/citroen\/trnava\/produkt\/citroen-c5-aircross-bluehdi-130-ss-shine-pack-a-t\/\",\"name\":\"Citro\u00ebn C5 Aircross BlueHDi 130 S&amp;S Shine Pack A\/T - Citroen BEHR Trnava\",\"isPartOf\":{\"@id\":\"https:\/\/behr.sk\/citroen\/trnava\/#website\"},\"primaryImageOfPage\":{\"@id\":\"https:\/\/behr.sk\/citroen\/trnava\/produkt\/citroen-c5-aircross-bluehdi-130-ss-shine-pack-a-t\/#primaryimage\"},\"image\":{\"@id\":\"https:\/\/behr.sk\/citroen\/trnava\/produkt\/citroen-c5-aircross-bluehdi-130-ss-shine-pack-a-t\/#primaryimage\"},\"thumbnailUrl\":\"https:\/\/behr.sk\/citroen\/trnava\/wp-content\/uploads\/sites\/2\/2025\/04\/2Q5K3vC2iH_fss.jpeg\",\"datePublished\":\"2026-03-09T19:01:20+00:00\",\"dateModified\":\"2026-03-09T19:01:21+00:00\",\"breadcrumb\":{\"@id\":\"https:\/\/behr.sk\/citroen\/trnava\/produkt\/citroen-c5-aircross-bluehdi-130-ss-shine-pack-a-t\/#breadcrumb\"},\"inLanguage\":\"sk-SK\",\"potentialAction\":[{\"@type\":\"ReadAction\",\"target\":[\"https:\/\/behr.sk\/citroen\/trnava\/produkt\/citroen-c5-aircross-bluehdi-130-ss-shine-pack-a-t\/\"]}]},{\"@type\":\"ImageObject\",\"inLanguage\":\"sk-SK\",\"@id\":\"https:\/\/behr.sk\/citroen\/trnava\/produkt\/citroen-c5-aircross-bluehdi-130-ss-shine-pack-a-t\/#primaryimage\",\"url\":\"https:\/\/behr.sk\/citroen\/trnava\/wp-content\/uploads\/sites\/2\/2025\/04\/2Q5K3vC2iH_fss.jpeg\",\"contentUrl\":\"https:\/\/behr.sk\/citroen\/trnava\/wp-content\/uploads\/sites\/2\/2025\/04\/2Q5K3vC2iH_fss.jpeg\",\"width\":1440,\"height\":1080},{\"@type\":\"BreadcrumbList\",\"@id\":\"https:\/\/behr.sk\/citroen\/trnava\/produkt\/citroen-c5-aircross-bluehdi-130-ss-shine-pack-a-t\/#breadcrumb\",\"itemListElement\":[{\"@type\":\"ListItem\",\"position\":1,\"name\":\"Produkty\",\"item\":\"https:\/\/behr.sk\/citroen\/trnava\/obchod\/\"},{\"@type\":\"ListItem\",\"position\":2,\"name\":\"Citro\u00ebn C5 Aircross BlueHDi 130 S&amp;S Shine Pack A\/T\"}]},{\"@type\":\"WebSite\",\"@id\":\"https:\/\/behr.sk\/citroen\/trnava\/#website\",\"url\":\"https:\/\/behr.sk\/citroen\/trnava\/\",\"name\":\"Citroen BEHR Trnava\",\"description\":\"\",\"potentialAction\":[{\"@type\":\"SearchAction\",\"target\":{\"@type\":\"EntryPoint\",\"urlTemplate\":\"https:\/\/behr.sk\/citroen\/trnava\/?s={search_term_string}\"},\"query-input\":{\"@type\":\"PropertyValueSpecification\",\"valueRequired\":true,\"valueName\":\"search_term_string\"}}],\"inLanguage\":\"sk-SK\"}]}<\/script>\n<!-- \/ Yoast SEO plugin. -->","yoast_head_json":{"title":"Citro\u00ebn C5 Aircross BlueHDi 130 S&amp;S Shine Pack A\/T - Citroen BEHR Trnava","robots":{"index":"index","follow":"follow","max-snippet":"max-snippet:-1","max-image-preview":"max-image-preview:large","max-video-preview":"max-video-preview:-1"},"canonical":"https:\/\/behr.sk\/citroen\/trnava\/produkt\/citroen-c5-aircross-bluehdi-130-ss-shine-pack-a-t\/","og_locale":"sk_SK","og_type":"article","og_title":"Citro\u00ebn C5 Aircross BlueHDi 130 S&amp;S Shine Pack A\/T - Citroen BEHR Trnava","og_description":"ABS, Adapt\u00edvny tempomat, Airbagy, ASR, Centr\u00e1lne zamykanie, EBD, ESP, Imobiliz\u00e9r, Parkovacia kamera, Syst\u00e9m ties\u0148ov\u00e9ho volania (e-Call), Autor\u00e1dio, Bezdotykov\u00e9 otv\u00e1ranie kufra, Bezk\u013e\u00fa\u010dov\u00e9 otv\u00e1ranie dver\u00ed, Bezk\u013e\u00fa\u010dov\u00e9 \u0161tartovanie, Bluetooth handsfree, Dia\u013ekov\u00e9 ovl\u00e1danie zamykania, Dotykov\u00fd displej, Elektrick\u00e9 okn\u00e1, Elektrick\u00e9 zrkadl\u00e1, Klimatiz\u00e1cia, Klimatizovan\u00e1 priehradka, Lak\u0165ov\u00e1 opierka, LED svetlomety, Multifunk\u010dn\u00fd volant, Naviga\u010dn\u00fd syst\u00e9m, Palubn\u00fd po\u010d\u00edta\u010d, Tempomat, Vyhrievan\u00e9 seda\u010dky, Vyhrievan\u00e9 zrkadl\u00e1, Apple...","og_url":"https:\/\/behr.sk\/citroen\/trnava\/produkt\/citroen-c5-aircross-bluehdi-130-ss-shine-pack-a-t\/","og_site_name":"Citroen BEHR Trnava","article_modified_time":"2026-03-09T19:01:21+00:00","og_image":[{"width":1440,"height":1080,"url":"https:\/\/behr.sk\/citroen\/trnava\/wp-content\/uploads\/sites\/2\/2025\/04\/2Q5K3vC2iH_fss.jpeg","type":"image\/jpeg"}],"twitter_card":"summary_large_image","schema":{"@context":"https:\/\/schema.org","@graph":[{"@type":"WebPage","@id":"https:\/\/behr.sk\/citroen\/trnava\/produkt\/citroen-c5-aircross-bluehdi-130-ss-shine-pack-a-t\/","url":"https:\/\/behr.sk\/citroen\/trnava\/produkt\/citroen-c5-aircross-bluehdi-130-ss-shine-pack-a-t\/","name":"Citro\u00ebn C5 Aircross BlueHDi 130 S&amp;S Shine Pack A\/T - Citroen BEHR Trnava","isPartOf":{"@id":"https:\/\/behr.sk\/citroen\/trnava\/#website"},"primaryImageOfPage":{"@id":"https:\/\/behr.sk\/citroen\/trnava\/produkt\/citroen-c5-aircross-bluehdi-130-ss-shine-pack-a-t\/#primaryimage"},"image":{"@id":"https:\/\/behr.sk\/citroen\/trnava\/produkt\/citroen-c5-aircross-bluehdi-130-ss-shine-pack-a-t\/#primaryimage"},"thumbnailUrl":"https:\/\/behr.sk\/citroen\/trnava\/wp-content\/uploads\/sites\/2\/2025\/04\/2Q5K3vC2iH_fss.jpeg","datePublished":"2026-03-09T19:01:20+00:00","dateModified":"2026-03-09T19:01:21+00:00","breadcrumb":{"@id":"https:\/\/behr.sk\/citroen\/trnava\/produkt\/citroen-c5-aircross-bluehdi-130-ss-shine-pack-a-t\/#breadcrumb"},"inLanguage":"sk-SK","potentialAction":[{"@type":"ReadAction","target":["https:\/\/behr.sk\/citroen\/trnava\/produkt\/citroen-c5-aircross-bluehdi-130-ss-shine-pack-a-t\/"]}]},{"@type":"ImageObject","inLanguage":"sk-SK","@id":"https:\/\/behr.sk\/citroen\/trnava\/produkt\/citroen-c5-aircross-bluehdi-130-ss-shine-pack-a-t\/#primaryimage","url":"https:\/\/behr.sk\/citroen\/trnava\/wp-content\/uploads\/sites\/2\/2025\/04\/2Q5K3vC2iH_fss.jpeg","contentUrl":"https:\/\/behr.sk\/citroen\/trnava\/wp-content\/uploads\/sites\/2\/2025\/04\/2Q5K3vC2iH_fss.jpeg","width":1440,"height":1080},{"@type":"BreadcrumbList","@id":"https:\/\/behr.sk\/citroen\/trnava\/produkt\/citroen-c5-aircross-bluehdi-130-ss-shine-pack-a-t\/#breadcrumb","itemListElement":[{"@type":"ListItem","position":1,"name":"Produkty","item":"https:\/\/behr.sk\/citroen\/trnava\/obchod\/"},{"@type":"ListItem","position":2,"name":"Citro\u00ebn C5 Aircross BlueHDi 130 S&amp;S Shine Pack A\/T"}]},{"@type":"WebSite","@id":"https:\/\/behr.sk\/citroen\/trnava\/#website","url":"https:\/\/behr.sk\/citroen\/trnava\/","name":"Citroen BEHR Trnava","description":"","potentialAction":[{"@type":"SearchAction","target":{"@type":"EntryPoint","urlTemplate":"https:\/\/behr.sk\/citroen\/trnava\/?s={search_term_string}"},"query-input":{"@type":"PropertyValueSpecification","valueRequired":true,"valueName":"search_term_string"}}],"inLanguage":"sk-SK"}]}},"_links":{"self":[{"href":"https:\/\/behr.sk\/citroen\/trnava\/wp-json\/wp\/v2\/product\/641239","targetHints":{"allow":["GET"]}}],"collection":[{"href":"https:\/\/behr.sk\/citroen\/trnava\/wp-json\/wp\/v2\/product"}],"about":[{"href":"https:\/\/behr.sk\/citroen\/trnava\/wp-json\/wp\/v2\/types\/product"}],"wp:featuredmedia":[{"embeddable":true,"href":"https:\/\/behr.sk\/citroen\/trnava\/wp-json\/wp\/v2\/media\/641240"}],"wp:attachment":[{"href":"https:\/\/behr.sk\/citroen\/trnava\/wp-json\/wp\/v2\/media?parent=641239"}],"wp:term":[{"taxonomy":"product_cat","embeddable":true,"href":"https:\/\/behr.sk\/citroen\/trnava\/wp-json\/wp\/v2\/product_cat?post=641239"},{"taxonomy":"product_tag","embeddable":true,"href":"https:\/\/behr.sk\/citroen\/trnava\/wp-json\/wp\/v2\/product_tag?post=641239"}],"curies":[{"name":"wp","href":"https:\/\/api.w.org\/{rel}","templated":true}]}}