{"id":643103,"date":"2026-04-20T19:02:14","date_gmt":"2026-04-20T17:02:14","guid":{"rendered":"https:\/\/behr.sk\/citroen\/trnava\/produkt\/citroen-c3-max-puretech-83\/"},"modified":"2026-04-20T19:02:14","modified_gmt":"2026-04-20T17:02:14","slug":"citroen-c3-max-puretech-83","status":"publish","type":"product","link":"https:\/\/behr.sk\/citroen\/trnava\/produkt\/citroen-c3-max-puretech-83\/","title":{"rendered":"Citro\u00ebn C3 MAX PureTech 83"},"content":{"rendered":"<p>Bluetooth handsfree, Centr\u00e1lne zamykanie, Elektrick\u00e9 okn\u00e1, Elektrick\u00e9 zrkadl\u00e1, Imobiliz\u00e9r, Parkovacie senzory, Klimatiz\u00e1cia, Multifunk\u010dn\u00fd volant, Palubn\u00fd po\u010d\u00edta\u010d, Posil\u0148ova\u010d riadenia, Syst\u00e9m kontroly tlaku v pneumatik\u00e1ch (TPMS), Isofix, Hlin\u00edkov\u00e9 disky, Asistent jazdn\u00fdch pruhov, Android Auto, Ko\u017een\u00fd interi\u00e9r, Apple CarPlay, Autor\u00e1dio, Vyhrievan\u00e9 seda\u010dky, Airbagy, Airbagy &#8211; po\u010det<\/p>\n","protected":false},"excerpt":{"rendered":"<p>Bluetooth handsfree, Centr\u00e1lne zamykanie, Elektrick\u00e9 okn\u00e1, Elektrick\u00e9 zrkadl\u00e1, Imobiliz\u00e9r, Parkovacie senzory, Klimatiz\u00e1cia, Multifunk\u010dn\u00fd volant, Palubn\u00fd po\u010d\u00edta\u010d, Posil\u0148ova\u010d riadenia, Syst\u00e9m kontroly tlaku v pneumatik\u00e1ch (TPMS), Isofix, Hlin\u00edkov\u00e9 disky, Asistent jazdn\u00fdch pruhov, Android Auto, Ko\u017een\u00fd interi\u00e9r, Apple CarPlay, Autor\u00e1dio, Vyhrievan\u00e9 seda\u010dky, Airbagy, Airbagy &#8211; po\u010det<\/p>\n","protected":false},"featured_media":643104,"template":"","meta":{"_acf_changed":false},"product_cat":[24],"product_tag":[39],"class_list":{"0":"post-643103","1":"product","2":"type-product","3":"status-publish","4":"has-post-thumbnail","6":"product_cat-citroen","7":"product_tag-c3","8":"pa_akost-jazdene-vozidlo","9":"pa_stav-pouzivane","11":"first","12":"instock","13":"purchasable","14":"product-type-simple"},"acf":[],"yoast_head":"<!-- This site is optimized with the Yoast SEO plugin v26.8 - https:\/\/yoast.com\/product\/yoast-seo-wordpress\/ -->\n<title>Citro\u00ebn C3 MAX PureTech 83 - Citroen BEHR Trnava<\/title>\n<meta name=\"robots\" content=\"index, follow, max-snippet:-1, max-image-preview:large, max-video-preview:-1\" \/>\n<link rel=\"canonical\" href=\"https:\/\/behr.sk\/citroen\/trnava\/produkt\/citroen-c3-max-puretech-83\/\" \/>\n<meta property=\"og:locale\" content=\"sk_SK\" \/>\n<meta property=\"og:type\" content=\"article\" \/>\n<meta property=\"og:title\" content=\"Citro\u00ebn C3 MAX PureTech 83 - Citroen BEHR Trnava\" \/>\n<meta property=\"og:description\" content=\"Bluetooth handsfree, Centr\u00e1lne zamykanie, Elektrick\u00e9 okn\u00e1, Elektrick\u00e9 zrkadl\u00e1, Imobiliz\u00e9r, Parkovacie senzory, Klimatiz\u00e1cia, Multifunk\u010dn\u00fd volant, Palubn\u00fd po\u010d\u00edta\u010d, Posil\u0148ova\u010d riadenia, Syst\u00e9m kontroly tlaku v pneumatik\u00e1ch (TPMS), Isofix, Hlin\u00edkov\u00e9 disky, Asistent jazdn\u00fdch pruhov, Android Auto, Ko\u017een\u00fd interi\u00e9r, Apple CarPlay, Autor\u00e1dio, Vyhrievan\u00e9 seda\u010dky, Airbagy, Airbagy &#8211; po\u010det\" \/>\n<meta property=\"og:url\" content=\"https:\/\/behr.sk\/citroen\/trnava\/produkt\/citroen-c3-max-puretech-83\/\" \/>\n<meta property=\"og:site_name\" content=\"Citroen BEHR Trnava\" \/>\n<meta property=\"og:image\" content=\"https:\/\/behr.sk\/citroen\/trnava\/wp-content\/uploads\/sites\/2\/2026\/02\/GgtpNrwx_fss.jpeg\" \/>\n\t<meta property=\"og:image:width\" content=\"1365\" \/>\n\t<meta property=\"og:image:height\" content=\"1024\" \/>\n\t<meta property=\"og:image:type\" content=\"image\/jpeg\" \/>\n<meta name=\"twitter:card\" content=\"summary_large_image\" \/>\n<script type=\"application\/ld+json\" class=\"yoast-schema-graph\">{\"@context\":\"https:\/\/schema.org\",\"@graph\":[{\"@type\":\"WebPage\",\"@id\":\"https:\/\/behr.sk\/citroen\/trnava\/produkt\/citroen-c3-max-puretech-83\/\",\"url\":\"https:\/\/behr.sk\/citroen\/trnava\/produkt\/citroen-c3-max-puretech-83\/\",\"name\":\"Citro\u00ebn C3 MAX PureTech 83 - Citroen BEHR Trnava\",\"isPartOf\":{\"@id\":\"https:\/\/behr.sk\/citroen\/trnava\/#website\"},\"primaryImageOfPage\":{\"@id\":\"https:\/\/behr.sk\/citroen\/trnava\/produkt\/citroen-c3-max-puretech-83\/#primaryimage\"},\"image\":{\"@id\":\"https:\/\/behr.sk\/citroen\/trnava\/produkt\/citroen-c3-max-puretech-83\/#primaryimage\"},\"thumbnailUrl\":\"https:\/\/behr.sk\/citroen\/trnava\/wp-content\/uploads\/sites\/2\/2026\/02\/GgtpNrwx_fss.jpeg\",\"datePublished\":\"2026-04-20T17:02:14+00:00\",\"breadcrumb\":{\"@id\":\"https:\/\/behr.sk\/citroen\/trnava\/produkt\/citroen-c3-max-puretech-83\/#breadcrumb\"},\"inLanguage\":\"sk-SK\",\"potentialAction\":[{\"@type\":\"ReadAction\",\"target\":[\"https:\/\/behr.sk\/citroen\/trnava\/produkt\/citroen-c3-max-puretech-83\/\"]}]},{\"@type\":\"ImageObject\",\"inLanguage\":\"sk-SK\",\"@id\":\"https:\/\/behr.sk\/citroen\/trnava\/produkt\/citroen-c3-max-puretech-83\/#primaryimage\",\"url\":\"https:\/\/behr.sk\/citroen\/trnava\/wp-content\/uploads\/sites\/2\/2026\/02\/GgtpNrwx_fss.jpeg\",\"contentUrl\":\"https:\/\/behr.sk\/citroen\/trnava\/wp-content\/uploads\/sites\/2\/2026\/02\/GgtpNrwx_fss.jpeg\",\"width\":1365,\"height\":1024},{\"@type\":\"BreadcrumbList\",\"@id\":\"https:\/\/behr.sk\/citroen\/trnava\/produkt\/citroen-c3-max-puretech-83\/#breadcrumb\",\"itemListElement\":[{\"@type\":\"ListItem\",\"position\":1,\"name\":\"Produkty\",\"item\":\"https:\/\/behr.sk\/citroen\/trnava\/obchod\/\"},{\"@type\":\"ListItem\",\"position\":2,\"name\":\"Citro\u00ebn C3 MAX PureTech 83\"}]},{\"@type\":\"WebSite\",\"@id\":\"https:\/\/behr.sk\/citroen\/trnava\/#website\",\"url\":\"https:\/\/behr.sk\/citroen\/trnava\/\",\"name\":\"Citroen BEHR Trnava\",\"description\":\"\",\"potentialAction\":[{\"@type\":\"SearchAction\",\"target\":{\"@type\":\"EntryPoint\",\"urlTemplate\":\"https:\/\/behr.sk\/citroen\/trnava\/?s={search_term_string}\"},\"query-input\":{\"@type\":\"PropertyValueSpecification\",\"valueRequired\":true,\"valueName\":\"search_term_string\"}}],\"inLanguage\":\"sk-SK\"}]}<\/script>\n<!-- \/ Yoast SEO plugin. -->","yoast_head_json":{"title":"Citro\u00ebn C3 MAX PureTech 83 - Citroen BEHR Trnava","robots":{"index":"index","follow":"follow","max-snippet":"max-snippet:-1","max-image-preview":"max-image-preview:large","max-video-preview":"max-video-preview:-1"},"canonical":"https:\/\/behr.sk\/citroen\/trnava\/produkt\/citroen-c3-max-puretech-83\/","og_locale":"sk_SK","og_type":"article","og_title":"Citro\u00ebn C3 MAX PureTech 83 - Citroen BEHR Trnava","og_description":"Bluetooth handsfree, Centr\u00e1lne zamykanie, Elektrick\u00e9 okn\u00e1, Elektrick\u00e9 zrkadl\u00e1, Imobiliz\u00e9r, Parkovacie senzory, Klimatiz\u00e1cia, Multifunk\u010dn\u00fd volant, Palubn\u00fd po\u010d\u00edta\u010d, Posil\u0148ova\u010d riadenia, Syst\u00e9m kontroly tlaku v pneumatik\u00e1ch (TPMS), Isofix, Hlin\u00edkov\u00e9 disky, Asistent jazdn\u00fdch pruhov, Android Auto, Ko\u017een\u00fd interi\u00e9r, Apple CarPlay, Autor\u00e1dio, Vyhrievan\u00e9 seda\u010dky, Airbagy, Airbagy &#8211; po\u010det","og_url":"https:\/\/behr.sk\/citroen\/trnava\/produkt\/citroen-c3-max-puretech-83\/","og_site_name":"Citroen BEHR Trnava","og_image":[{"width":1365,"height":1024,"url":"https:\/\/behr.sk\/citroen\/trnava\/wp-content\/uploads\/sites\/2\/2026\/02\/GgtpNrwx_fss.jpeg","type":"image\/jpeg"}],"twitter_card":"summary_large_image","schema":{"@context":"https:\/\/schema.org","@graph":[{"@type":"WebPage","@id":"https:\/\/behr.sk\/citroen\/trnava\/produkt\/citroen-c3-max-puretech-83\/","url":"https:\/\/behr.sk\/citroen\/trnava\/produkt\/citroen-c3-max-puretech-83\/","name":"Citro\u00ebn C3 MAX PureTech 83 - Citroen BEHR Trnava","isPartOf":{"@id":"https:\/\/behr.sk\/citroen\/trnava\/#website"},"primaryImageOfPage":{"@id":"https:\/\/behr.sk\/citroen\/trnava\/produkt\/citroen-c3-max-puretech-83\/#primaryimage"},"image":{"@id":"https:\/\/behr.sk\/citroen\/trnava\/produkt\/citroen-c3-max-puretech-83\/#primaryimage"},"thumbnailUrl":"https:\/\/behr.sk\/citroen\/trnava\/wp-content\/uploads\/sites\/2\/2026\/02\/GgtpNrwx_fss.jpeg","datePublished":"2026-04-20T17:02:14+00:00","breadcrumb":{"@id":"https:\/\/behr.sk\/citroen\/trnava\/produkt\/citroen-c3-max-puretech-83\/#breadcrumb"},"inLanguage":"sk-SK","potentialAction":[{"@type":"ReadAction","target":["https:\/\/behr.sk\/citroen\/trnava\/produkt\/citroen-c3-max-puretech-83\/"]}]},{"@type":"ImageObject","inLanguage":"sk-SK","@id":"https:\/\/behr.sk\/citroen\/trnava\/produkt\/citroen-c3-max-puretech-83\/#primaryimage","url":"https:\/\/behr.sk\/citroen\/trnava\/wp-content\/uploads\/sites\/2\/2026\/02\/GgtpNrwx_fss.jpeg","contentUrl":"https:\/\/behr.sk\/citroen\/trnava\/wp-content\/uploads\/sites\/2\/2026\/02\/GgtpNrwx_fss.jpeg","width":1365,"height":1024},{"@type":"BreadcrumbList","@id":"https:\/\/behr.sk\/citroen\/trnava\/produkt\/citroen-c3-max-puretech-83\/#breadcrumb","itemListElement":[{"@type":"ListItem","position":1,"name":"Produkty","item":"https:\/\/behr.sk\/citroen\/trnava\/obchod\/"},{"@type":"ListItem","position":2,"name":"Citro\u00ebn C3 MAX PureTech 83"}]},{"@type":"WebSite","@id":"https:\/\/behr.sk\/citroen\/trnava\/#website","url":"https:\/\/behr.sk\/citroen\/trnava\/","name":"Citroen BEHR Trnava","description":"","potentialAction":[{"@type":"SearchAction","target":{"@type":"EntryPoint","urlTemplate":"https:\/\/behr.sk\/citroen\/trnava\/?s={search_term_string}"},"query-input":{"@type":"PropertyValueSpecification","valueRequired":true,"valueName":"search_term_string"}}],"inLanguage":"sk-SK"}]}},"_links":{"self":[{"href":"https:\/\/behr.sk\/citroen\/trnava\/wp-json\/wp\/v2\/product\/643103","targetHints":{"allow":["GET"]}}],"collection":[{"href":"https:\/\/behr.sk\/citroen\/trnava\/wp-json\/wp\/v2\/product"}],"about":[{"href":"https:\/\/behr.sk\/citroen\/trnava\/wp-json\/wp\/v2\/types\/product"}],"wp:featuredmedia":[{"embeddable":true,"href":"https:\/\/behr.sk\/citroen\/trnava\/wp-json\/wp\/v2\/media\/643104"}],"wp:attachment":[{"href":"https:\/\/behr.sk\/citroen\/trnava\/wp-json\/wp\/v2\/media?parent=643103"}],"wp:term":[{"taxonomy":"product_cat","embeddable":true,"href":"https:\/\/behr.sk\/citroen\/trnava\/wp-json\/wp\/v2\/product_cat?post=643103"},{"taxonomy":"product_tag","embeddable":true,"href":"https:\/\/behr.sk\/citroen\/trnava\/wp-json\/wp\/v2\/product_tag?post=643103"}],"curies":[{"name":"wp","href":"https:\/\/api.w.org\/{rel}","templated":true}]}}