{"id":643111,"date":"2026-04-20T11:02:24","date_gmt":"2026-04-20T09:02:24","guid":{"rendered":"https:\/\/behr.sk\/citroen\/trnava\/produkt\/citroen-c5-aircross-plus-hybrid-145k-e-dct6-2\/"},"modified":"2026-04-20T11:02:24","modified_gmt":"2026-04-20T09:02:24","slug":"citroen-c5-aircross-plus-hybrid-145k-e-dct6-2","status":"publish","type":"product","link":"https:\/\/behr.sk\/citroen\/trnava\/produkt\/citroen-c5-aircross-plus-hybrid-145k-e-dct6-2\/","title":{"rendered":"Citro\u00ebn C5 Aircross PLUS Hybrid 145k \u00eb-DCT6"},"content":{"rendered":"<p>Bluetooth handsfree, Centr\u00e1lne zamykanie, Deaktiv\u00e1cia airbagov, Elektrick\u00e9 okn\u00e1, Parkovacie senzory, Hmlovky, Naviga\u010dn\u00fd syst\u00e9m, Palubn\u00fd po\u010d\u00edta\u010d, Parkovacia kamera, Posil\u0148ova\u010d riadenia, Da\u017e\u010fov\u00fd senzor, Stop&amp;start syst\u00e9m, Tempomat, Vyhrievan\u00fd volant, Isofix, Bezdr\u00f4tov\u00e9 nab\u00edjanie pre smartphony, Asistent jazdn\u00fdch pruhov, Asistent rozjazdu do kopca, Android Auto, 360\u00b0 kamera, Apple CarPlay, Ambientn\u00e9 osvetlenie, Virtu\u00e1lny kokpit, Autor\u00e1dio, Klimatiz\u00e1cia, Vyhrievan\u00e9 seda\u010dky, Airbagy, Airbagy &#8211; po\u010det<\/p>\n","protected":false},"excerpt":{"rendered":"<p>Bluetooth handsfree, Centr\u00e1lne zamykanie, Deaktiv\u00e1cia airbagov, Elektrick\u00e9 okn\u00e1, Parkovacie senzory, Hmlovky, Naviga\u010dn\u00fd syst\u00e9m, Palubn\u00fd po\u010d\u00edta\u010d, Parkovacia kamera, Posil\u0148ova\u010d riadenia, Da\u017e\u010fov\u00fd senzor, Stop&amp;start syst\u00e9m, Tempomat, Vyhrievan\u00fd volant, Isofix, Bezdr\u00f4tov\u00e9 nab\u00edjanie pre smartphony, Asistent jazdn\u00fdch pruhov, Asistent rozjazdu do kopca, Android Auto, 360\u00b0 kamera, Apple CarPlay, Ambientn\u00e9 osvetlenie, Virtu\u00e1lny kokpit, Autor\u00e1dio, Klimatiz\u00e1cia, Vyhrievan\u00e9 seda\u010dky, Airbagy, Airbagy &#8211;&#8230;<\/p>\n","protected":false},"featured_media":643112,"template":"","meta":{"_acf_changed":false},"product_cat":[24],"product_tag":[27],"class_list":{"0":"post-643111","1":"product","2":"type-product","3":"status-publish","4":"has-post-thumbnail","6":"product_cat-citroen","7":"product_tag-c5-aircross","8":"pa_akost-nove-vozidlo","9":"pa_stav-nove","11":"first","12":"instock","13":"purchasable","14":"product-type-simple"},"acf":[],"yoast_head":"<!-- This site is optimized with the Yoast SEO plugin v26.8 - https:\/\/yoast.com\/product\/yoast-seo-wordpress\/ -->\n<title>Citro\u00ebn C5 Aircross PLUS Hybrid 145k \u00eb-DCT6 - Citroen BEHR Trnava<\/title>\n<meta name=\"robots\" content=\"index, follow, max-snippet:-1, max-image-preview:large, max-video-preview:-1\" \/>\n<link rel=\"canonical\" href=\"https:\/\/behr.sk\/citroen\/trnava\/produkt\/citroen-c5-aircross-plus-hybrid-145k-e-dct6-2\/\" \/>\n<meta property=\"og:locale\" content=\"sk_SK\" \/>\n<meta property=\"og:type\" content=\"article\" \/>\n<meta property=\"og:title\" content=\"Citro\u00ebn C5 Aircross PLUS Hybrid 145k \u00eb-DCT6 - Citroen BEHR Trnava\" \/>\n<meta property=\"og:description\" content=\"Bluetooth handsfree, Centr\u00e1lne zamykanie, Deaktiv\u00e1cia airbagov, Elektrick\u00e9 okn\u00e1, Parkovacie senzory, Hmlovky, Naviga\u010dn\u00fd syst\u00e9m, Palubn\u00fd po\u010d\u00edta\u010d, Parkovacia kamera, Posil\u0148ova\u010d riadenia, Da\u017e\u010fov\u00fd senzor, Stop&amp;start syst\u00e9m, Tempomat, Vyhrievan\u00fd volant, Isofix, Bezdr\u00f4tov\u00e9 nab\u00edjanie pre smartphony, Asistent jazdn\u00fdch pruhov, Asistent rozjazdu do kopca, Android Auto, 360\u00b0 kamera, Apple CarPlay, Ambientn\u00e9 osvetlenie, Virtu\u00e1lny kokpit, Autor\u00e1dio, Klimatiz\u00e1cia, Vyhrievan\u00e9 seda\u010dky, Airbagy, Airbagy &#8211;...\" \/>\n<meta property=\"og:url\" content=\"https:\/\/behr.sk\/citroen\/trnava\/produkt\/citroen-c5-aircross-plus-hybrid-145k-e-dct6-2\/\" \/>\n<meta property=\"og:site_name\" content=\"Citroen BEHR Trnava\" \/>\n<meta property=\"og:image\" content=\"https:\/\/behr.sk\/citroen\/trnava\/wp-content\/uploads\/sites\/2\/2026\/02\/iE5eKgom__fss.jpeg\" \/>\n\t<meta property=\"og:image:width\" content=\"771\" \/>\n\t<meta property=\"og:image:height\" content=\"1024\" \/>\n\t<meta property=\"og:image:type\" content=\"image\/jpeg\" \/>\n<meta name=\"twitter:card\" content=\"summary_large_image\" \/>\n<script type=\"application\/ld+json\" class=\"yoast-schema-graph\">{\"@context\":\"https:\/\/schema.org\",\"@graph\":[{\"@type\":\"WebPage\",\"@id\":\"https:\/\/behr.sk\/citroen\/trnava\/produkt\/citroen-c5-aircross-plus-hybrid-145k-e-dct6-2\/\",\"url\":\"https:\/\/behr.sk\/citroen\/trnava\/produkt\/citroen-c5-aircross-plus-hybrid-145k-e-dct6-2\/\",\"name\":\"Citro\u00ebn C5 Aircross PLUS Hybrid 145k \u00eb-DCT6 - Citroen BEHR Trnava\",\"isPartOf\":{\"@id\":\"https:\/\/behr.sk\/citroen\/trnava\/#website\"},\"primaryImageOfPage\":{\"@id\":\"https:\/\/behr.sk\/citroen\/trnava\/produkt\/citroen-c5-aircross-plus-hybrid-145k-e-dct6-2\/#primaryimage\"},\"image\":{\"@id\":\"https:\/\/behr.sk\/citroen\/trnava\/produkt\/citroen-c5-aircross-plus-hybrid-145k-e-dct6-2\/#primaryimage\"},\"thumbnailUrl\":\"https:\/\/behr.sk\/citroen\/trnava\/wp-content\/uploads\/sites\/2\/2026\/02\/iE5eKgom__fss.jpeg\",\"datePublished\":\"2026-04-20T09:02:24+00:00\",\"breadcrumb\":{\"@id\":\"https:\/\/behr.sk\/citroen\/trnava\/produkt\/citroen-c5-aircross-plus-hybrid-145k-e-dct6-2\/#breadcrumb\"},\"inLanguage\":\"sk-SK\",\"potentialAction\":[{\"@type\":\"ReadAction\",\"target\":[\"https:\/\/behr.sk\/citroen\/trnava\/produkt\/citroen-c5-aircross-plus-hybrid-145k-e-dct6-2\/\"]}]},{\"@type\":\"ImageObject\",\"inLanguage\":\"sk-SK\",\"@id\":\"https:\/\/behr.sk\/citroen\/trnava\/produkt\/citroen-c5-aircross-plus-hybrid-145k-e-dct6-2\/#primaryimage\",\"url\":\"https:\/\/behr.sk\/citroen\/trnava\/wp-content\/uploads\/sites\/2\/2026\/02\/iE5eKgom__fss.jpeg\",\"contentUrl\":\"https:\/\/behr.sk\/citroen\/trnava\/wp-content\/uploads\/sites\/2\/2026\/02\/iE5eKgom__fss.jpeg\",\"width\":771,\"height\":1024},{\"@type\":\"BreadcrumbList\",\"@id\":\"https:\/\/behr.sk\/citroen\/trnava\/produkt\/citroen-c5-aircross-plus-hybrid-145k-e-dct6-2\/#breadcrumb\",\"itemListElement\":[{\"@type\":\"ListItem\",\"position\":1,\"name\":\"Produkty\",\"item\":\"https:\/\/behr.sk\/citroen\/trnava\/obchod\/\"},{\"@type\":\"ListItem\",\"position\":2,\"name\":\"Citro\u00ebn C5 Aircross PLUS Hybrid 145k \u00eb-DCT6\"}]},{\"@type\":\"WebSite\",\"@id\":\"https:\/\/behr.sk\/citroen\/trnava\/#website\",\"url\":\"https:\/\/behr.sk\/citroen\/trnava\/\",\"name\":\"Citroen BEHR Trnava\",\"description\":\"\",\"potentialAction\":[{\"@type\":\"SearchAction\",\"target\":{\"@type\":\"EntryPoint\",\"urlTemplate\":\"https:\/\/behr.sk\/citroen\/trnava\/?s={search_term_string}\"},\"query-input\":{\"@type\":\"PropertyValueSpecification\",\"valueRequired\":true,\"valueName\":\"search_term_string\"}}],\"inLanguage\":\"sk-SK\"}]}<\/script>\n<!-- \/ Yoast SEO plugin. -->","yoast_head_json":{"title":"Citro\u00ebn C5 Aircross PLUS Hybrid 145k \u00eb-DCT6 - Citroen BEHR Trnava","robots":{"index":"index","follow":"follow","max-snippet":"max-snippet:-1","max-image-preview":"max-image-preview:large","max-video-preview":"max-video-preview:-1"},"canonical":"https:\/\/behr.sk\/citroen\/trnava\/produkt\/citroen-c5-aircross-plus-hybrid-145k-e-dct6-2\/","og_locale":"sk_SK","og_type":"article","og_title":"Citro\u00ebn C5 Aircross PLUS Hybrid 145k \u00eb-DCT6 - Citroen BEHR Trnava","og_description":"Bluetooth handsfree, Centr\u00e1lne zamykanie, Deaktiv\u00e1cia airbagov, Elektrick\u00e9 okn\u00e1, Parkovacie senzory, Hmlovky, Naviga\u010dn\u00fd syst\u00e9m, Palubn\u00fd po\u010d\u00edta\u010d, Parkovacia kamera, Posil\u0148ova\u010d riadenia, Da\u017e\u010fov\u00fd senzor, Stop&amp;start syst\u00e9m, Tempomat, Vyhrievan\u00fd volant, Isofix, Bezdr\u00f4tov\u00e9 nab\u00edjanie pre smartphony, Asistent jazdn\u00fdch pruhov, Asistent rozjazdu do kopca, Android Auto, 360\u00b0 kamera, Apple CarPlay, Ambientn\u00e9 osvetlenie, Virtu\u00e1lny kokpit, Autor\u00e1dio, Klimatiz\u00e1cia, Vyhrievan\u00e9 seda\u010dky, Airbagy, Airbagy &#8211;...","og_url":"https:\/\/behr.sk\/citroen\/trnava\/produkt\/citroen-c5-aircross-plus-hybrid-145k-e-dct6-2\/","og_site_name":"Citroen BEHR Trnava","og_image":[{"width":771,"height":1024,"url":"https:\/\/behr.sk\/citroen\/trnava\/wp-content\/uploads\/sites\/2\/2026\/02\/iE5eKgom__fss.jpeg","type":"image\/jpeg"}],"twitter_card":"summary_large_image","schema":{"@context":"https:\/\/schema.org","@graph":[{"@type":"WebPage","@id":"https:\/\/behr.sk\/citroen\/trnava\/produkt\/citroen-c5-aircross-plus-hybrid-145k-e-dct6-2\/","url":"https:\/\/behr.sk\/citroen\/trnava\/produkt\/citroen-c5-aircross-plus-hybrid-145k-e-dct6-2\/","name":"Citro\u00ebn C5 Aircross PLUS Hybrid 145k \u00eb-DCT6 - Citroen BEHR Trnava","isPartOf":{"@id":"https:\/\/behr.sk\/citroen\/trnava\/#website"},"primaryImageOfPage":{"@id":"https:\/\/behr.sk\/citroen\/trnava\/produkt\/citroen-c5-aircross-plus-hybrid-145k-e-dct6-2\/#primaryimage"},"image":{"@id":"https:\/\/behr.sk\/citroen\/trnava\/produkt\/citroen-c5-aircross-plus-hybrid-145k-e-dct6-2\/#primaryimage"},"thumbnailUrl":"https:\/\/behr.sk\/citroen\/trnava\/wp-content\/uploads\/sites\/2\/2026\/02\/iE5eKgom__fss.jpeg","datePublished":"2026-04-20T09:02:24+00:00","breadcrumb":{"@id":"https:\/\/behr.sk\/citroen\/trnava\/produkt\/citroen-c5-aircross-plus-hybrid-145k-e-dct6-2\/#breadcrumb"},"inLanguage":"sk-SK","potentialAction":[{"@type":"ReadAction","target":["https:\/\/behr.sk\/citroen\/trnava\/produkt\/citroen-c5-aircross-plus-hybrid-145k-e-dct6-2\/"]}]},{"@type":"ImageObject","inLanguage":"sk-SK","@id":"https:\/\/behr.sk\/citroen\/trnava\/produkt\/citroen-c5-aircross-plus-hybrid-145k-e-dct6-2\/#primaryimage","url":"https:\/\/behr.sk\/citroen\/trnava\/wp-content\/uploads\/sites\/2\/2026\/02\/iE5eKgom__fss.jpeg","contentUrl":"https:\/\/behr.sk\/citroen\/trnava\/wp-content\/uploads\/sites\/2\/2026\/02\/iE5eKgom__fss.jpeg","width":771,"height":1024},{"@type":"BreadcrumbList","@id":"https:\/\/behr.sk\/citroen\/trnava\/produkt\/citroen-c5-aircross-plus-hybrid-145k-e-dct6-2\/#breadcrumb","itemListElement":[{"@type":"ListItem","position":1,"name":"Produkty","item":"https:\/\/behr.sk\/citroen\/trnava\/obchod\/"},{"@type":"ListItem","position":2,"name":"Citro\u00ebn C5 Aircross PLUS Hybrid 145k \u00eb-DCT6"}]},{"@type":"WebSite","@id":"https:\/\/behr.sk\/citroen\/trnava\/#website","url":"https:\/\/behr.sk\/citroen\/trnava\/","name":"Citroen BEHR Trnava","description":"","potentialAction":[{"@type":"SearchAction","target":{"@type":"EntryPoint","urlTemplate":"https:\/\/behr.sk\/citroen\/trnava\/?s={search_term_string}"},"query-input":{"@type":"PropertyValueSpecification","valueRequired":true,"valueName":"search_term_string"}}],"inLanguage":"sk-SK"}]}},"_links":{"self":[{"href":"https:\/\/behr.sk\/citroen\/trnava\/wp-json\/wp\/v2\/product\/643111","targetHints":{"allow":["GET"]}}],"collection":[{"href":"https:\/\/behr.sk\/citroen\/trnava\/wp-json\/wp\/v2\/product"}],"about":[{"href":"https:\/\/behr.sk\/citroen\/trnava\/wp-json\/wp\/v2\/types\/product"}],"wp:featuredmedia":[{"embeddable":true,"href":"https:\/\/behr.sk\/citroen\/trnava\/wp-json\/wp\/v2\/media\/643112"}],"wp:attachment":[{"href":"https:\/\/behr.sk\/citroen\/trnava\/wp-json\/wp\/v2\/media?parent=643111"}],"wp:term":[{"taxonomy":"product_cat","embeddable":true,"href":"https:\/\/behr.sk\/citroen\/trnava\/wp-json\/wp\/v2\/product_cat?post=643111"},{"taxonomy":"product_tag","embeddable":true,"href":"https:\/\/behr.sk\/citroen\/trnava\/wp-json\/wp\/v2\/product_tag?post=643111"}],"curies":[{"name":"wp","href":"https:\/\/api.w.org\/{rel}","templated":true}]}}