{"id":643331,"date":"2026-03-23T19:02:09","date_gmt":"2026-03-23T18:02:09","guid":{"rendered":"https:\/\/behr.sk\/citroen\/trnava\/produkt\/citroen-c5-aircross-plus-hybrid-145k-e-dct6-4\/"},"modified":"2026-03-23T19:02:09","modified_gmt":"2026-03-23T18:02:09","slug":"citroen-c5-aircross-plus-hybrid-145k-e-dct6-4","status":"publish","type":"product","link":"https:\/\/behr.sk\/citroen\/trnava\/produkt\/citroen-c5-aircross-plus-hybrid-145k-e-dct6-4\/","title":{"rendered":"Citro\u00ebn C5 Aircross PLUS Hybrid 145k \u00eb-DCT6"},"content":{"rendered":"<p>ABS, Adapt\u00edvny tempomat, Airbagy &#8211; po\u010det, ASR, Brzdov\u00fd asistent, Centr\u00e1lne zamykanie, Deaktiv\u00e1cia airbagov, ESP, Imobiliz\u00e9r, Isofix, Parkovacia kamera, Syst\u00e9m kontroly tlaku v pneumatik\u00e1ch (TPMS), Asistent rozpozn\u00e1vania dopravn\u00fdch zna\u010diek (ISLW\/ISLA), Syst\u00e9m rozpoznania \u00fanavy vodi\u010da (DAW), Syst\u00e9m ties\u0148ov\u00e9ho volania (e-Call), Asistent dia\u013ekov\u00fdch svetiel (HBA), Autor\u00e1dio, Bezk\u013e\u00fa\u010dov\u00e9 otv\u00e1ranie dver\u00ed, Bezk\u013e\u00fa\u010dov\u00e9 \u0161tartovanie, Dia\u013ekov\u00e9 ovl\u00e1danie zamykania, Dotykov\u00fd displej, Elektrick\u00e9 okn\u00e1, Elektrick\u00e9 zrkadl\u00e1, Klimatiz\u00e1cia, Klimatizovan\u00e1 priehradka, LED svetlomety, LED svietenie, Multifunk\u010dn\u00fd volant, Naviga\u010dn\u00fd syst\u00e9m, Palubn\u00fd po\u010d\u00edta\u010d, Parkovacie senzory, Vyhrievan\u00e9 predn\u00e9 sklo, Vyhrievan\u00e9 seda\u010dky, Vyhrievan\u00e9 zrkadl\u00e1, Vyhrievan\u00fd volant, Vonkaj\u0161\u00ed teplomer, Apple CarPlay, Android Auto, Asistent jazdn\u00fdch pruhov, Asistent rozjazdu do kopca, Da\u017e\u010fov\u00fd senzor, Hlin\u00edkov\u00e9 disky, Stre\u0161n\u00fd nosi\u010d, Sveteln\u00fd senzor<\/p>\n","protected":false},"excerpt":{"rendered":"<p>ABS, Adapt\u00edvny tempomat, Airbagy &#8211; po\u010det, ASR, Brzdov\u00fd asistent, Centr\u00e1lne zamykanie, Deaktiv\u00e1cia airbagov, ESP, Imobiliz\u00e9r, Isofix, Parkovacia kamera, Syst\u00e9m kontroly tlaku v pneumatik\u00e1ch (TPMS), Asistent rozpozn\u00e1vania dopravn\u00fdch zna\u010diek (ISLW\/ISLA), Syst\u00e9m rozpoznania \u00fanavy vodi\u010da (DAW), Syst\u00e9m ties\u0148ov\u00e9ho volania (e-Call), Asistent dia\u013ekov\u00fdch svetiel (HBA), Autor\u00e1dio, Bezk\u013e\u00fa\u010dov\u00e9 otv\u00e1ranie dver\u00ed, Bezk\u013e\u00fa\u010dov\u00e9 \u0161tartovanie, Dia\u013ekov\u00e9 ovl\u00e1danie zamykania, Dotykov\u00fd displej, Elektrick\u00e9 okn\u00e1,&#8230;<\/p>\n","protected":false},"featured_media":643332,"template":"","meta":{"_acf_changed":false},"product_cat":[24],"product_tag":[27],"class_list":{"0":"post-643331","1":"product","2":"type-product","3":"status-publish","4":"has-post-thumbnail","6":"product_cat-citroen","7":"product_tag-c5-aircross","8":"pa_akost-nove-vozidlo","9":"pa_stav-nove","11":"first","12":"instock","13":"purchasable","14":"product-type-simple"},"acf":[],"yoast_head":"<!-- This site is optimized with the Yoast SEO plugin v26.8 - https:\/\/yoast.com\/product\/yoast-seo-wordpress\/ -->\n<title>Citro\u00ebn C5 Aircross PLUS Hybrid 145k \u00eb-DCT6 - Citroen BEHR Trnava<\/title>\n<meta name=\"robots\" content=\"index, follow, max-snippet:-1, max-image-preview:large, max-video-preview:-1\" \/>\n<link rel=\"canonical\" href=\"https:\/\/behr.sk\/citroen\/trnava\/produkt\/citroen-c5-aircross-plus-hybrid-145k-e-dct6-4\/\" \/>\n<meta property=\"og:locale\" content=\"sk_SK\" \/>\n<meta property=\"og:type\" content=\"article\" \/>\n<meta property=\"og:title\" content=\"Citro\u00ebn C5 Aircross PLUS Hybrid 145k \u00eb-DCT6 - Citroen BEHR Trnava\" \/>\n<meta property=\"og:description\" content=\"ABS, Adapt\u00edvny tempomat, Airbagy &#8211; po\u010det, ASR, Brzdov\u00fd asistent, Centr\u00e1lne zamykanie, Deaktiv\u00e1cia airbagov, ESP, Imobiliz\u00e9r, Isofix, Parkovacia kamera, Syst\u00e9m kontroly tlaku v pneumatik\u00e1ch (TPMS), Asistent rozpozn\u00e1vania dopravn\u00fdch zna\u010diek (ISLW\/ISLA), Syst\u00e9m rozpoznania \u00fanavy vodi\u010da (DAW), Syst\u00e9m ties\u0148ov\u00e9ho volania (e-Call), Asistent dia\u013ekov\u00fdch svetiel (HBA), Autor\u00e1dio, Bezk\u013e\u00fa\u010dov\u00e9 otv\u00e1ranie dver\u00ed, Bezk\u013e\u00fa\u010dov\u00e9 \u0161tartovanie, Dia\u013ekov\u00e9 ovl\u00e1danie zamykania, Dotykov\u00fd displej, Elektrick\u00e9 okn\u00e1,...\" \/>\n<meta property=\"og:url\" content=\"https:\/\/behr.sk\/citroen\/trnava\/produkt\/citroen-c5-aircross-plus-hybrid-145k-e-dct6-4\/\" \/>\n<meta property=\"og:site_name\" content=\"Citroen BEHR Trnava\" \/>\n<meta property=\"og:image\" content=\"https:\/\/behr.sk\/citroen\/trnava\/wp-content\/uploads\/sites\/2\/2026\/03\/PRYqEz1XU_fss.jpeg\" \/>\n\t<meta property=\"og:image:width\" content=\"1280\" \/>\n\t<meta property=\"og:image:height\" content=\"720\" \/>\n\t<meta property=\"og:image:type\" content=\"image\/jpeg\" \/>\n<meta name=\"twitter:card\" content=\"summary_large_image\" \/>\n<meta name=\"twitter:label1\" content=\"Predpokladan\u00fd \u010das \u010d\u00edtania\" \/>\n\t<meta name=\"twitter:data1\" content=\"1 min\u00fata\" \/>\n<script type=\"application\/ld+json\" class=\"yoast-schema-graph\">{\"@context\":\"https:\/\/schema.org\",\"@graph\":[{\"@type\":\"WebPage\",\"@id\":\"https:\/\/behr.sk\/citroen\/trnava\/produkt\/citroen-c5-aircross-plus-hybrid-145k-e-dct6-4\/\",\"url\":\"https:\/\/behr.sk\/citroen\/trnava\/produkt\/citroen-c5-aircross-plus-hybrid-145k-e-dct6-4\/\",\"name\":\"Citro\u00ebn C5 Aircross PLUS Hybrid 145k \u00eb-DCT6 - Citroen BEHR Trnava\",\"isPartOf\":{\"@id\":\"https:\/\/behr.sk\/citroen\/trnava\/#website\"},\"primaryImageOfPage\":{\"@id\":\"https:\/\/behr.sk\/citroen\/trnava\/produkt\/citroen-c5-aircross-plus-hybrid-145k-e-dct6-4\/#primaryimage\"},\"image\":{\"@id\":\"https:\/\/behr.sk\/citroen\/trnava\/produkt\/citroen-c5-aircross-plus-hybrid-145k-e-dct6-4\/#primaryimage\"},\"thumbnailUrl\":\"https:\/\/behr.sk\/citroen\/trnava\/wp-content\/uploads\/sites\/2\/2026\/03\/PRYqEz1XU_fss.jpeg\",\"datePublished\":\"2026-03-23T18:02:09+00:00\",\"breadcrumb\":{\"@id\":\"https:\/\/behr.sk\/citroen\/trnava\/produkt\/citroen-c5-aircross-plus-hybrid-145k-e-dct6-4\/#breadcrumb\"},\"inLanguage\":\"sk-SK\",\"potentialAction\":[{\"@type\":\"ReadAction\",\"target\":[\"https:\/\/behr.sk\/citroen\/trnava\/produkt\/citroen-c5-aircross-plus-hybrid-145k-e-dct6-4\/\"]}]},{\"@type\":\"ImageObject\",\"inLanguage\":\"sk-SK\",\"@id\":\"https:\/\/behr.sk\/citroen\/trnava\/produkt\/citroen-c5-aircross-plus-hybrid-145k-e-dct6-4\/#primaryimage\",\"url\":\"https:\/\/behr.sk\/citroen\/trnava\/wp-content\/uploads\/sites\/2\/2026\/03\/PRYqEz1XU_fss.jpeg\",\"contentUrl\":\"https:\/\/behr.sk\/citroen\/trnava\/wp-content\/uploads\/sites\/2\/2026\/03\/PRYqEz1XU_fss.jpeg\",\"width\":1280,\"height\":720},{\"@type\":\"BreadcrumbList\",\"@id\":\"https:\/\/behr.sk\/citroen\/trnava\/produkt\/citroen-c5-aircross-plus-hybrid-145k-e-dct6-4\/#breadcrumb\",\"itemListElement\":[{\"@type\":\"ListItem\",\"position\":1,\"name\":\"Produkty\",\"item\":\"https:\/\/behr.sk\/citroen\/trnava\/obchod\/\"},{\"@type\":\"ListItem\",\"position\":2,\"name\":\"Citro\u00ebn C5 Aircross PLUS Hybrid 145k \u00eb-DCT6\"}]},{\"@type\":\"WebSite\",\"@id\":\"https:\/\/behr.sk\/citroen\/trnava\/#website\",\"url\":\"https:\/\/behr.sk\/citroen\/trnava\/\",\"name\":\"Citroen BEHR Trnava\",\"description\":\"\",\"potentialAction\":[{\"@type\":\"SearchAction\",\"target\":{\"@type\":\"EntryPoint\",\"urlTemplate\":\"https:\/\/behr.sk\/citroen\/trnava\/?s={search_term_string}\"},\"query-input\":{\"@type\":\"PropertyValueSpecification\",\"valueRequired\":true,\"valueName\":\"search_term_string\"}}],\"inLanguage\":\"sk-SK\"}]}<\/script>\n<!-- \/ Yoast SEO plugin. -->","yoast_head_json":{"title":"Citro\u00ebn C5 Aircross PLUS Hybrid 145k \u00eb-DCT6 - Citroen BEHR Trnava","robots":{"index":"index","follow":"follow","max-snippet":"max-snippet:-1","max-image-preview":"max-image-preview:large","max-video-preview":"max-video-preview:-1"},"canonical":"https:\/\/behr.sk\/citroen\/trnava\/produkt\/citroen-c5-aircross-plus-hybrid-145k-e-dct6-4\/","og_locale":"sk_SK","og_type":"article","og_title":"Citro\u00ebn C5 Aircross PLUS Hybrid 145k \u00eb-DCT6 - Citroen BEHR Trnava","og_description":"ABS, Adapt\u00edvny tempomat, Airbagy &#8211; po\u010det, ASR, Brzdov\u00fd asistent, Centr\u00e1lne zamykanie, Deaktiv\u00e1cia airbagov, ESP, Imobiliz\u00e9r, Isofix, Parkovacia kamera, Syst\u00e9m kontroly tlaku v pneumatik\u00e1ch (TPMS), Asistent rozpozn\u00e1vania dopravn\u00fdch zna\u010diek (ISLW\/ISLA), Syst\u00e9m rozpoznania \u00fanavy vodi\u010da (DAW), Syst\u00e9m ties\u0148ov\u00e9ho volania (e-Call), Asistent dia\u013ekov\u00fdch svetiel (HBA), Autor\u00e1dio, Bezk\u013e\u00fa\u010dov\u00e9 otv\u00e1ranie dver\u00ed, Bezk\u013e\u00fa\u010dov\u00e9 \u0161tartovanie, Dia\u013ekov\u00e9 ovl\u00e1danie zamykania, Dotykov\u00fd displej, Elektrick\u00e9 okn\u00e1,...","og_url":"https:\/\/behr.sk\/citroen\/trnava\/produkt\/citroen-c5-aircross-plus-hybrid-145k-e-dct6-4\/","og_site_name":"Citroen BEHR Trnava","og_image":[{"width":1280,"height":720,"url":"https:\/\/behr.sk\/citroen\/trnava\/wp-content\/uploads\/sites\/2\/2026\/03\/PRYqEz1XU_fss.jpeg","type":"image\/jpeg"}],"twitter_card":"summary_large_image","twitter_misc":{"Predpokladan\u00fd \u010das \u010d\u00edtania":"1 min\u00fata"},"schema":{"@context":"https:\/\/schema.org","@graph":[{"@type":"WebPage","@id":"https:\/\/behr.sk\/citroen\/trnava\/produkt\/citroen-c5-aircross-plus-hybrid-145k-e-dct6-4\/","url":"https:\/\/behr.sk\/citroen\/trnava\/produkt\/citroen-c5-aircross-plus-hybrid-145k-e-dct6-4\/","name":"Citro\u00ebn C5 Aircross PLUS Hybrid 145k \u00eb-DCT6 - Citroen BEHR Trnava","isPartOf":{"@id":"https:\/\/behr.sk\/citroen\/trnava\/#website"},"primaryImageOfPage":{"@id":"https:\/\/behr.sk\/citroen\/trnava\/produkt\/citroen-c5-aircross-plus-hybrid-145k-e-dct6-4\/#primaryimage"},"image":{"@id":"https:\/\/behr.sk\/citroen\/trnava\/produkt\/citroen-c5-aircross-plus-hybrid-145k-e-dct6-4\/#primaryimage"},"thumbnailUrl":"https:\/\/behr.sk\/citroen\/trnava\/wp-content\/uploads\/sites\/2\/2026\/03\/PRYqEz1XU_fss.jpeg","datePublished":"2026-03-23T18:02:09+00:00","breadcrumb":{"@id":"https:\/\/behr.sk\/citroen\/trnava\/produkt\/citroen-c5-aircross-plus-hybrid-145k-e-dct6-4\/#breadcrumb"},"inLanguage":"sk-SK","potentialAction":[{"@type":"ReadAction","target":["https:\/\/behr.sk\/citroen\/trnava\/produkt\/citroen-c5-aircross-plus-hybrid-145k-e-dct6-4\/"]}]},{"@type":"ImageObject","inLanguage":"sk-SK","@id":"https:\/\/behr.sk\/citroen\/trnava\/produkt\/citroen-c5-aircross-plus-hybrid-145k-e-dct6-4\/#primaryimage","url":"https:\/\/behr.sk\/citroen\/trnava\/wp-content\/uploads\/sites\/2\/2026\/03\/PRYqEz1XU_fss.jpeg","contentUrl":"https:\/\/behr.sk\/citroen\/trnava\/wp-content\/uploads\/sites\/2\/2026\/03\/PRYqEz1XU_fss.jpeg","width":1280,"height":720},{"@type":"BreadcrumbList","@id":"https:\/\/behr.sk\/citroen\/trnava\/produkt\/citroen-c5-aircross-plus-hybrid-145k-e-dct6-4\/#breadcrumb","itemListElement":[{"@type":"ListItem","position":1,"name":"Produkty","item":"https:\/\/behr.sk\/citroen\/trnava\/obchod\/"},{"@type":"ListItem","position":2,"name":"Citro\u00ebn C5 Aircross PLUS Hybrid 145k \u00eb-DCT6"}]},{"@type":"WebSite","@id":"https:\/\/behr.sk\/citroen\/trnava\/#website","url":"https:\/\/behr.sk\/citroen\/trnava\/","name":"Citroen BEHR Trnava","description":"","potentialAction":[{"@type":"SearchAction","target":{"@type":"EntryPoint","urlTemplate":"https:\/\/behr.sk\/citroen\/trnava\/?s={search_term_string}"},"query-input":{"@type":"PropertyValueSpecification","valueRequired":true,"valueName":"search_term_string"}}],"inLanguage":"sk-SK"}]}},"_links":{"self":[{"href":"https:\/\/behr.sk\/citroen\/trnava\/wp-json\/wp\/v2\/product\/643331","targetHints":{"allow":["GET"]}}],"collection":[{"href":"https:\/\/behr.sk\/citroen\/trnava\/wp-json\/wp\/v2\/product"}],"about":[{"href":"https:\/\/behr.sk\/citroen\/trnava\/wp-json\/wp\/v2\/types\/product"}],"wp:featuredmedia":[{"embeddable":true,"href":"https:\/\/behr.sk\/citroen\/trnava\/wp-json\/wp\/v2\/media\/643332"}],"wp:attachment":[{"href":"https:\/\/behr.sk\/citroen\/trnava\/wp-json\/wp\/v2\/media?parent=643331"}],"wp:term":[{"taxonomy":"product_cat","embeddable":true,"href":"https:\/\/behr.sk\/citroen\/trnava\/wp-json\/wp\/v2\/product_cat?post=643331"},{"taxonomy":"product_tag","embeddable":true,"href":"https:\/\/behr.sk\/citroen\/trnava\/wp-json\/wp\/v2\/product_tag?post=643331"}],"curies":[{"name":"wp","href":"https:\/\/api.w.org\/{rel}","templated":true}]}}