{"id":643489,"date":"2026-04-14T11:02:09","date_gmt":"2026-04-14T09:02:09","guid":{"rendered":"https:\/\/behr.sk\/citroen\/trnava\/produkt\/citroen-berlingo-m1-max-xl-bluehdi-130-ss-eat8\/"},"modified":"2026-04-14T11:03:44","modified_gmt":"2026-04-14T09:03:44","slug":"citroen-berlingo-m1-max-xl-bluehdi-130-ss-eat8","status":"publish","type":"product","link":"https:\/\/behr.sk\/citroen\/trnava\/produkt\/citroen-berlingo-m1-max-xl-bluehdi-130-ss-eat8\/","title":{"rendered":"Citro\u00ebn Berlingo (M1) MAX XL BlueHDi 130 S&amp;S EAT8"},"content":{"rendered":"<p>ABS, Airbagy &#8211; po\u010det, ASR, Brzdov\u00fd asistent, Centr\u00e1lne zamykanie, Deaktiv\u00e1cia airbagov, ESP, Imobiliz\u00e9r, Isofix, Parkovacia kamera, Asistent rozpozn\u00e1vania dopravn\u00fdch zna\u010diek (ISLW\/ISLA), Syst\u00e9m ties\u0148ov\u00e9ho volania (e-Call), Asistent dia\u013ekov\u00fdch svetiel (HBA), Autor\u00e1dio, Bezk\u013e\u00fa\u010dov\u00e9 otv\u00e1ranie dver\u00ed, Bezk\u013e\u00fa\u010dov\u00e9 \u0161tartovanie, Bluetooth handsfree, Dia\u013ekov\u00e9 ovl\u00e1danie zamykania, Dotykov\u00fd displej, Elektrick\u00e9 okn\u00e1, Elektrick\u00e9 zrkadl\u00e1, Klimatiz\u00e1cia, Lak\u0165ov\u00e1 opierka, LED svetlomety, LED svietenie, Multifunk\u010dn\u00fd volant, Naviga\u010dn\u00fd syst\u00e9m, Palubn\u00fd po\u010d\u00edta\u010d, Parkovacie senzory, Posil\u0148ova\u010d riadenia, Tempomat, Vyhrievan\u00e9 predn\u00e9 sklo, Vyhrievan\u00e9 seda\u010dky, Vyhrievan\u00e9 zrkadl\u00e1, Vyhrievan\u00fd volant, Vonkaj\u0161\u00ed teplomer, Apple CarPlay, Android Auto, Bezdr\u00f4tov\u00e9 nab\u00edjanie pre smartphony, Da\u017e\u010fov\u00fd senzor, Hlin\u00edkov\u00e9 disky, Hmlovky, Stre\u0161n\u00fd nosi\u010d, Sveteln\u00fd senzor<\/p>\n","protected":false},"excerpt":{"rendered":"<p>ABS, Airbagy &#8211; po\u010det, ASR, Brzdov\u00fd asistent, Centr\u00e1lne zamykanie, Deaktiv\u00e1cia airbagov, ESP, Imobiliz\u00e9r, Isofix, Parkovacia kamera, Asistent rozpozn\u00e1vania dopravn\u00fdch zna\u010diek (ISLW\/ISLA), Syst\u00e9m ties\u0148ov\u00e9ho volania (e-Call), Asistent dia\u013ekov\u00fdch svetiel (HBA), Autor\u00e1dio, Bezk\u013e\u00fa\u010dov\u00e9 otv\u00e1ranie dver\u00ed, Bezk\u013e\u00fa\u010dov\u00e9 \u0161tartovanie, Bluetooth handsfree, Dia\u013ekov\u00e9 ovl\u00e1danie zamykania, Dotykov\u00fd displej, Elektrick\u00e9 okn\u00e1, Elektrick\u00e9 zrkadl\u00e1, Klimatiz\u00e1cia, Lak\u0165ov\u00e1 opierka, LED svetlomety, LED svietenie, Multifunk\u010dn\u00fd volant,&#8230;<\/p>\n","protected":false},"featured_media":643490,"template":"","meta":{"_acf_changed":false},"product_cat":[24],"product_tag":[54],"class_list":{"0":"post-643489","1":"product","2":"type-product","3":"status-publish","4":"has-post-thumbnail","6":"product_cat-citroen","7":"product_tag-berlingo","8":"pa_akost-nove-vozidlo","9":"pa_stav-nove","11":"first","12":"instock","13":"purchasable","14":"product-type-simple"},"acf":[],"yoast_head":"<!-- This site is optimized with the Yoast SEO plugin v26.8 - https:\/\/yoast.com\/product\/yoast-seo-wordpress\/ -->\n<title>Citro\u00ebn Berlingo (M1) MAX XL BlueHDi 130 S&amp;S EAT8 - Citroen BEHR Trnava<\/title>\n<meta name=\"robots\" content=\"index, follow, max-snippet:-1, max-image-preview:large, max-video-preview:-1\" \/>\n<link rel=\"canonical\" href=\"https:\/\/behr.sk\/citroen\/trnava\/produkt\/citroen-berlingo-m1-max-xl-bluehdi-130-ss-eat8\/\" \/>\n<meta property=\"og:locale\" content=\"sk_SK\" \/>\n<meta property=\"og:type\" content=\"article\" \/>\n<meta property=\"og:title\" content=\"Citro\u00ebn Berlingo (M1) MAX XL BlueHDi 130 S&amp;S EAT8 - Citroen BEHR Trnava\" \/>\n<meta property=\"og:description\" content=\"ABS, Airbagy &#8211; po\u010det, ASR, Brzdov\u00fd asistent, Centr\u00e1lne zamykanie, Deaktiv\u00e1cia airbagov, ESP, Imobiliz\u00e9r, Isofix, Parkovacia kamera, Asistent rozpozn\u00e1vania dopravn\u00fdch zna\u010diek (ISLW\/ISLA), Syst\u00e9m ties\u0148ov\u00e9ho volania (e-Call), Asistent dia\u013ekov\u00fdch svetiel (HBA), Autor\u00e1dio, Bezk\u013e\u00fa\u010dov\u00e9 otv\u00e1ranie dver\u00ed, Bezk\u013e\u00fa\u010dov\u00e9 \u0161tartovanie, Bluetooth handsfree, Dia\u013ekov\u00e9 ovl\u00e1danie zamykania, Dotykov\u00fd displej, Elektrick\u00e9 okn\u00e1, Elektrick\u00e9 zrkadl\u00e1, Klimatiz\u00e1cia, Lak\u0165ov\u00e1 opierka, LED svetlomety, LED svietenie, Multifunk\u010dn\u00fd volant,...\" \/>\n<meta property=\"og:url\" content=\"https:\/\/behr.sk\/citroen\/trnava\/produkt\/citroen-berlingo-m1-max-xl-bluehdi-130-ss-eat8\/\" \/>\n<meta property=\"og:site_name\" content=\"Citroen BEHR Trnava\" \/>\n<meta property=\"article:modified_time\" content=\"2026-04-14T09:03:44+00:00\" \/>\n<meta property=\"og:image\" content=\"https:\/\/behr.sk\/citroen\/trnava\/wp-content\/uploads\/sites\/2\/2026\/04\/BlCuezefs_fss.jpeg\" \/>\n\t<meta property=\"og:image:width\" content=\"1280\" \/>\n\t<meta property=\"og:image:height\" content=\"720\" \/>\n\t<meta property=\"og:image:type\" content=\"image\/jpeg\" \/>\n<meta name=\"twitter:card\" content=\"summary_large_image\" \/>\n<meta name=\"twitter:label1\" content=\"Predpokladan\u00fd \u010das \u010d\u00edtania\" \/>\n\t<meta name=\"twitter:data1\" content=\"1 min\u00fata\" \/>\n<script type=\"application\/ld+json\" class=\"yoast-schema-graph\">{\"@context\":\"https:\/\/schema.org\",\"@graph\":[{\"@type\":\"WebPage\",\"@id\":\"https:\/\/behr.sk\/citroen\/trnava\/produkt\/citroen-berlingo-m1-max-xl-bluehdi-130-ss-eat8\/\",\"url\":\"https:\/\/behr.sk\/citroen\/trnava\/produkt\/citroen-berlingo-m1-max-xl-bluehdi-130-ss-eat8\/\",\"name\":\"Citro\u00ebn Berlingo (M1) MAX XL BlueHDi 130 S&amp;S EAT8 - Citroen BEHR Trnava\",\"isPartOf\":{\"@id\":\"https:\/\/behr.sk\/citroen\/trnava\/#website\"},\"primaryImageOfPage\":{\"@id\":\"https:\/\/behr.sk\/citroen\/trnava\/produkt\/citroen-berlingo-m1-max-xl-bluehdi-130-ss-eat8\/#primaryimage\"},\"image\":{\"@id\":\"https:\/\/behr.sk\/citroen\/trnava\/produkt\/citroen-berlingo-m1-max-xl-bluehdi-130-ss-eat8\/#primaryimage\"},\"thumbnailUrl\":\"https:\/\/behr.sk\/citroen\/trnava\/wp-content\/uploads\/sites\/2\/2026\/04\/BlCuezefs_fss.jpeg\",\"datePublished\":\"2026-04-14T09:02:09+00:00\",\"dateModified\":\"2026-04-14T09:03:44+00:00\",\"breadcrumb\":{\"@id\":\"https:\/\/behr.sk\/citroen\/trnava\/produkt\/citroen-berlingo-m1-max-xl-bluehdi-130-ss-eat8\/#breadcrumb\"},\"inLanguage\":\"sk-SK\",\"potentialAction\":[{\"@type\":\"ReadAction\",\"target\":[\"https:\/\/behr.sk\/citroen\/trnava\/produkt\/citroen-berlingo-m1-max-xl-bluehdi-130-ss-eat8\/\"]}]},{\"@type\":\"ImageObject\",\"inLanguage\":\"sk-SK\",\"@id\":\"https:\/\/behr.sk\/citroen\/trnava\/produkt\/citroen-berlingo-m1-max-xl-bluehdi-130-ss-eat8\/#primaryimage\",\"url\":\"https:\/\/behr.sk\/citroen\/trnava\/wp-content\/uploads\/sites\/2\/2026\/04\/BlCuezefs_fss.jpeg\",\"contentUrl\":\"https:\/\/behr.sk\/citroen\/trnava\/wp-content\/uploads\/sites\/2\/2026\/04\/BlCuezefs_fss.jpeg\",\"width\":1280,\"height\":720},{\"@type\":\"BreadcrumbList\",\"@id\":\"https:\/\/behr.sk\/citroen\/trnava\/produkt\/citroen-berlingo-m1-max-xl-bluehdi-130-ss-eat8\/#breadcrumb\",\"itemListElement\":[{\"@type\":\"ListItem\",\"position\":1,\"name\":\"Produkty\",\"item\":\"https:\/\/behr.sk\/citroen\/trnava\/obchod\/\"},{\"@type\":\"ListItem\",\"position\":2,\"name\":\"Citro\u00ebn Berlingo (M1) MAX XL BlueHDi 130 S&amp;S EAT8\"}]},{\"@type\":\"WebSite\",\"@id\":\"https:\/\/behr.sk\/citroen\/trnava\/#website\",\"url\":\"https:\/\/behr.sk\/citroen\/trnava\/\",\"name\":\"Citroen BEHR Trnava\",\"description\":\"\",\"potentialAction\":[{\"@type\":\"SearchAction\",\"target\":{\"@type\":\"EntryPoint\",\"urlTemplate\":\"https:\/\/behr.sk\/citroen\/trnava\/?s={search_term_string}\"},\"query-input\":{\"@type\":\"PropertyValueSpecification\",\"valueRequired\":true,\"valueName\":\"search_term_string\"}}],\"inLanguage\":\"sk-SK\"}]}<\/script>\n<!-- \/ Yoast SEO plugin. -->","yoast_head_json":{"title":"Citro\u00ebn Berlingo (M1) MAX XL BlueHDi 130 S&amp;S EAT8 - Citroen BEHR Trnava","robots":{"index":"index","follow":"follow","max-snippet":"max-snippet:-1","max-image-preview":"max-image-preview:large","max-video-preview":"max-video-preview:-1"},"canonical":"https:\/\/behr.sk\/citroen\/trnava\/produkt\/citroen-berlingo-m1-max-xl-bluehdi-130-ss-eat8\/","og_locale":"sk_SK","og_type":"article","og_title":"Citro\u00ebn Berlingo (M1) MAX XL BlueHDi 130 S&amp;S EAT8 - Citroen BEHR Trnava","og_description":"ABS, Airbagy &#8211; po\u010det, ASR, Brzdov\u00fd asistent, Centr\u00e1lne zamykanie, Deaktiv\u00e1cia airbagov, ESP, Imobiliz\u00e9r, Isofix, Parkovacia kamera, Asistent rozpozn\u00e1vania dopravn\u00fdch zna\u010diek (ISLW\/ISLA), Syst\u00e9m ties\u0148ov\u00e9ho volania (e-Call), Asistent dia\u013ekov\u00fdch svetiel (HBA), Autor\u00e1dio, Bezk\u013e\u00fa\u010dov\u00e9 otv\u00e1ranie dver\u00ed, Bezk\u013e\u00fa\u010dov\u00e9 \u0161tartovanie, Bluetooth handsfree, Dia\u013ekov\u00e9 ovl\u00e1danie zamykania, Dotykov\u00fd displej, Elektrick\u00e9 okn\u00e1, Elektrick\u00e9 zrkadl\u00e1, Klimatiz\u00e1cia, Lak\u0165ov\u00e1 opierka, LED svetlomety, LED svietenie, Multifunk\u010dn\u00fd volant,...","og_url":"https:\/\/behr.sk\/citroen\/trnava\/produkt\/citroen-berlingo-m1-max-xl-bluehdi-130-ss-eat8\/","og_site_name":"Citroen BEHR Trnava","article_modified_time":"2026-04-14T09:03:44+00:00","og_image":[{"width":1280,"height":720,"url":"https:\/\/behr.sk\/citroen\/trnava\/wp-content\/uploads\/sites\/2\/2026\/04\/BlCuezefs_fss.jpeg","type":"image\/jpeg"}],"twitter_card":"summary_large_image","twitter_misc":{"Predpokladan\u00fd \u010das \u010d\u00edtania":"1 min\u00fata"},"schema":{"@context":"https:\/\/schema.org","@graph":[{"@type":"WebPage","@id":"https:\/\/behr.sk\/citroen\/trnava\/produkt\/citroen-berlingo-m1-max-xl-bluehdi-130-ss-eat8\/","url":"https:\/\/behr.sk\/citroen\/trnava\/produkt\/citroen-berlingo-m1-max-xl-bluehdi-130-ss-eat8\/","name":"Citro\u00ebn Berlingo (M1) MAX XL BlueHDi 130 S&amp;S EAT8 - Citroen BEHR Trnava","isPartOf":{"@id":"https:\/\/behr.sk\/citroen\/trnava\/#website"},"primaryImageOfPage":{"@id":"https:\/\/behr.sk\/citroen\/trnava\/produkt\/citroen-berlingo-m1-max-xl-bluehdi-130-ss-eat8\/#primaryimage"},"image":{"@id":"https:\/\/behr.sk\/citroen\/trnava\/produkt\/citroen-berlingo-m1-max-xl-bluehdi-130-ss-eat8\/#primaryimage"},"thumbnailUrl":"https:\/\/behr.sk\/citroen\/trnava\/wp-content\/uploads\/sites\/2\/2026\/04\/BlCuezefs_fss.jpeg","datePublished":"2026-04-14T09:02:09+00:00","dateModified":"2026-04-14T09:03:44+00:00","breadcrumb":{"@id":"https:\/\/behr.sk\/citroen\/trnava\/produkt\/citroen-berlingo-m1-max-xl-bluehdi-130-ss-eat8\/#breadcrumb"},"inLanguage":"sk-SK","potentialAction":[{"@type":"ReadAction","target":["https:\/\/behr.sk\/citroen\/trnava\/produkt\/citroen-berlingo-m1-max-xl-bluehdi-130-ss-eat8\/"]}]},{"@type":"ImageObject","inLanguage":"sk-SK","@id":"https:\/\/behr.sk\/citroen\/trnava\/produkt\/citroen-berlingo-m1-max-xl-bluehdi-130-ss-eat8\/#primaryimage","url":"https:\/\/behr.sk\/citroen\/trnava\/wp-content\/uploads\/sites\/2\/2026\/04\/BlCuezefs_fss.jpeg","contentUrl":"https:\/\/behr.sk\/citroen\/trnava\/wp-content\/uploads\/sites\/2\/2026\/04\/BlCuezefs_fss.jpeg","width":1280,"height":720},{"@type":"BreadcrumbList","@id":"https:\/\/behr.sk\/citroen\/trnava\/produkt\/citroen-berlingo-m1-max-xl-bluehdi-130-ss-eat8\/#breadcrumb","itemListElement":[{"@type":"ListItem","position":1,"name":"Produkty","item":"https:\/\/behr.sk\/citroen\/trnava\/obchod\/"},{"@type":"ListItem","position":2,"name":"Citro\u00ebn Berlingo (M1) MAX XL BlueHDi 130 S&amp;S EAT8"}]},{"@type":"WebSite","@id":"https:\/\/behr.sk\/citroen\/trnava\/#website","url":"https:\/\/behr.sk\/citroen\/trnava\/","name":"Citroen BEHR Trnava","description":"","potentialAction":[{"@type":"SearchAction","target":{"@type":"EntryPoint","urlTemplate":"https:\/\/behr.sk\/citroen\/trnava\/?s={search_term_string}"},"query-input":{"@type":"PropertyValueSpecification","valueRequired":true,"valueName":"search_term_string"}}],"inLanguage":"sk-SK"}]}},"_links":{"self":[{"href":"https:\/\/behr.sk\/citroen\/trnava\/wp-json\/wp\/v2\/product\/643489","targetHints":{"allow":["GET"]}}],"collection":[{"href":"https:\/\/behr.sk\/citroen\/trnava\/wp-json\/wp\/v2\/product"}],"about":[{"href":"https:\/\/behr.sk\/citroen\/trnava\/wp-json\/wp\/v2\/types\/product"}],"wp:featuredmedia":[{"embeddable":true,"href":"https:\/\/behr.sk\/citroen\/trnava\/wp-json\/wp\/v2\/media\/643490"}],"wp:attachment":[{"href":"https:\/\/behr.sk\/citroen\/trnava\/wp-json\/wp\/v2\/media?parent=643489"}],"wp:term":[{"taxonomy":"product_cat","embeddable":true,"href":"https:\/\/behr.sk\/citroen\/trnava\/wp-json\/wp\/v2\/product_cat?post=643489"},{"taxonomy":"product_tag","embeddable":true,"href":"https:\/\/behr.sk\/citroen\/trnava\/wp-json\/wp\/v2\/product_tag?post=643489"}],"curies":[{"name":"wp","href":"https:\/\/api.w.org\/{rel}","templated":true}]}}