{"id":643505,"date":"2026-04-22T04:02:08","date_gmt":"2026-04-22T02:02:08","guid":{"rendered":"https:\/\/behr.sk\/citroen\/trnava\/produkt\/citroen-berlingo-max-bluehdi-130-bvm6\/"},"modified":"2026-04-22T04:02:09","modified_gmt":"2026-04-22T02:02:09","slug":"citroen-berlingo-max-bluehdi-130-bvm6","status":"publish","type":"product","link":"https:\/\/behr.sk\/citroen\/trnava\/produkt\/citroen-berlingo-max-bluehdi-130-bvm6\/","title":{"rendered":"Citro\u00ebn Berlingo MAX BlueHdi 130 BVM6"},"content":{"rendered":"<p>ABS, Airbagy &#8211; po\u010det, ASR, Brzdov\u00fd asistent, Centr\u00e1lne zamykanie, ESP, Imobiliz\u00e9r, Isofix, Asistent rozpozn\u00e1vania dopravn\u00fdch zna\u010diek (ISLW\/ISLA), Syst\u00e9m ties\u0148ov\u00e9ho volania (e-Call), Autor\u00e1dio, Bezk\u013e\u00fa\u010dov\u00e9 otv\u00e1ranie dver\u00ed, Bezk\u013e\u00fa\u010dov\u00e9 \u0161tartovanie, Bluetooth handsfree, Dotykov\u00fd displej, Elektrick\u00e9 okn\u00e1, Elektrick\u00e9 zrkadl\u00e1, F\u00f3lie, Klimatiz\u00e1cia, Lak\u0165ov\u00e1 opierka, LED svetlomety, LED svietenie, Multifunk\u010dn\u00fd volant, Palubn\u00fd po\u010d\u00edta\u010d, Parkovacie senzory, Tempomat, Vyhrievan\u00e9 seda\u010dky, Vyhrievan\u00e9 zrkadl\u00e1, Vyhrievan\u00fd volant, Vonkaj\u0161\u00ed teplomer, Apple CarPlay, Android Auto, Da\u017e\u010fov\u00fd senzor, Hlin\u00edkov\u00e9 disky, Hmlovky, Sez\u00f3nne prezutie, Stre\u0161n\u00fd nosi\u010d, Sveteln\u00fd senzor<\/p>\n","protected":false},"excerpt":{"rendered":"<p>ABS, Airbagy &#8211; po\u010det, ASR, Brzdov\u00fd asistent, Centr\u00e1lne zamykanie, ESP, Imobiliz\u00e9r, Isofix, Asistent rozpozn\u00e1vania dopravn\u00fdch zna\u010diek (ISLW\/ISLA), Syst\u00e9m ties\u0148ov\u00e9ho volania (e-Call), Autor\u00e1dio, Bezk\u013e\u00fa\u010dov\u00e9 otv\u00e1ranie dver\u00ed, Bezk\u013e\u00fa\u010dov\u00e9 \u0161tartovanie, Bluetooth handsfree, Dotykov\u00fd displej, Elektrick\u00e9 okn\u00e1, Elektrick\u00e9 zrkadl\u00e1, F\u00f3lie, Klimatiz\u00e1cia, Lak\u0165ov\u00e1 opierka, LED svetlomety, LED svietenie, Multifunk\u010dn\u00fd volant, Palubn\u00fd po\u010d\u00edta\u010d, Parkovacie senzory, Tempomat, Vyhrievan\u00e9 seda\u010dky, Vyhrievan\u00e9 zrkadl\u00e1, Vyhrievan\u00fd&#8230;<\/p>\n","protected":false},"featured_media":643515,"template":"","meta":{"_acf_changed":false},"product_cat":[24],"product_tag":[54],"class_list":{"0":"post-643505","1":"product","2":"type-product","3":"status-publish","4":"has-post-thumbnail","6":"product_cat-citroen","7":"product_tag-berlingo","8":"pa_akost-jazdene-vozidlo","9":"pa_stav-pouzivane","11":"first","12":"instock","13":"purchasable","14":"product-type-simple"},"acf":[],"yoast_head":"<!-- This site is optimized with the Yoast SEO plugin v26.8 - https:\/\/yoast.com\/product\/yoast-seo-wordpress\/ -->\n<title>Citro\u00ebn Berlingo MAX BlueHdi 130 BVM6 - Citroen BEHR Trnava<\/title>\n<meta name=\"robots\" content=\"index, follow, max-snippet:-1, max-image-preview:large, max-video-preview:-1\" \/>\n<link rel=\"canonical\" href=\"https:\/\/behr.sk\/citroen\/trnava\/produkt\/citroen-berlingo-max-bluehdi-130-bvm6\/\" \/>\n<meta property=\"og:locale\" content=\"sk_SK\" \/>\n<meta property=\"og:type\" content=\"article\" \/>\n<meta property=\"og:title\" content=\"Citro\u00ebn Berlingo MAX BlueHdi 130 BVM6 - Citroen BEHR Trnava\" \/>\n<meta property=\"og:description\" content=\"ABS, Airbagy &#8211; po\u010det, ASR, Brzdov\u00fd asistent, Centr\u00e1lne zamykanie, ESP, Imobiliz\u00e9r, Isofix, Asistent rozpozn\u00e1vania dopravn\u00fdch zna\u010diek (ISLW\/ISLA), Syst\u00e9m ties\u0148ov\u00e9ho volania (e-Call), Autor\u00e1dio, Bezk\u013e\u00fa\u010dov\u00e9 otv\u00e1ranie dver\u00ed, Bezk\u013e\u00fa\u010dov\u00e9 \u0161tartovanie, Bluetooth handsfree, Dotykov\u00fd displej, Elektrick\u00e9 okn\u00e1, Elektrick\u00e9 zrkadl\u00e1, F\u00f3lie, Klimatiz\u00e1cia, Lak\u0165ov\u00e1 opierka, LED svetlomety, LED svietenie, Multifunk\u010dn\u00fd volant, Palubn\u00fd po\u010d\u00edta\u010d, Parkovacie senzory, Tempomat, Vyhrievan\u00e9 seda\u010dky, Vyhrievan\u00e9 zrkadl\u00e1, Vyhrievan\u00fd...\" \/>\n<meta property=\"og:url\" content=\"https:\/\/behr.sk\/citroen\/trnava\/produkt\/citroen-berlingo-max-bluehdi-130-bvm6\/\" \/>\n<meta property=\"og:site_name\" content=\"Citroen BEHR Trnava\" \/>\n<meta property=\"article:modified_time\" content=\"2026-04-22T02:02:09+00:00\" \/>\n<meta property=\"og:image\" content=\"https:\/\/behr.sk\/citroen\/trnava\/wp-content\/uploads\/sites\/2\/2026\/04\/mSDBt3KL7_fss-1.jpeg\" \/>\n\t<meta property=\"og:image:width\" content=\"1440\" \/>\n\t<meta property=\"og:image:height\" content=\"1080\" \/>\n\t<meta property=\"og:image:type\" content=\"image\/jpeg\" \/>\n<meta name=\"twitter:card\" content=\"summary_large_image\" \/>\n<script type=\"application\/ld+json\" class=\"yoast-schema-graph\">{\"@context\":\"https:\/\/schema.org\",\"@graph\":[{\"@type\":\"WebPage\",\"@id\":\"https:\/\/behr.sk\/citroen\/trnava\/produkt\/citroen-berlingo-max-bluehdi-130-bvm6\/\",\"url\":\"https:\/\/behr.sk\/citroen\/trnava\/produkt\/citroen-berlingo-max-bluehdi-130-bvm6\/\",\"name\":\"Citro\u00ebn Berlingo MAX BlueHdi 130 BVM6 - Citroen BEHR Trnava\",\"isPartOf\":{\"@id\":\"https:\/\/behr.sk\/citroen\/trnava\/#website\"},\"primaryImageOfPage\":{\"@id\":\"https:\/\/behr.sk\/citroen\/trnava\/produkt\/citroen-berlingo-max-bluehdi-130-bvm6\/#primaryimage\"},\"image\":{\"@id\":\"https:\/\/behr.sk\/citroen\/trnava\/produkt\/citroen-berlingo-max-bluehdi-130-bvm6\/#primaryimage\"},\"thumbnailUrl\":\"https:\/\/behr.sk\/citroen\/trnava\/wp-content\/uploads\/sites\/2\/2026\/04\/mSDBt3KL7_fss-1.jpeg\",\"datePublished\":\"2026-04-22T02:02:08+00:00\",\"dateModified\":\"2026-04-22T02:02:09+00:00\",\"breadcrumb\":{\"@id\":\"https:\/\/behr.sk\/citroen\/trnava\/produkt\/citroen-berlingo-max-bluehdi-130-bvm6\/#breadcrumb\"},\"inLanguage\":\"sk-SK\",\"potentialAction\":[{\"@type\":\"ReadAction\",\"target\":[\"https:\/\/behr.sk\/citroen\/trnava\/produkt\/citroen-berlingo-max-bluehdi-130-bvm6\/\"]}]},{\"@type\":\"ImageObject\",\"inLanguage\":\"sk-SK\",\"@id\":\"https:\/\/behr.sk\/citroen\/trnava\/produkt\/citroen-berlingo-max-bluehdi-130-bvm6\/#primaryimage\",\"url\":\"https:\/\/behr.sk\/citroen\/trnava\/wp-content\/uploads\/sites\/2\/2026\/04\/mSDBt3KL7_fss-1.jpeg\",\"contentUrl\":\"https:\/\/behr.sk\/citroen\/trnava\/wp-content\/uploads\/sites\/2\/2026\/04\/mSDBt3KL7_fss-1.jpeg\",\"width\":1440,\"height\":1080},{\"@type\":\"BreadcrumbList\",\"@id\":\"https:\/\/behr.sk\/citroen\/trnava\/produkt\/citroen-berlingo-max-bluehdi-130-bvm6\/#breadcrumb\",\"itemListElement\":[{\"@type\":\"ListItem\",\"position\":1,\"name\":\"Produkty\",\"item\":\"https:\/\/behr.sk\/citroen\/trnava\/obchod\/\"},{\"@type\":\"ListItem\",\"position\":2,\"name\":\"Citro\u00ebn Berlingo MAX BlueHdi 130 BVM6\"}]},{\"@type\":\"WebSite\",\"@id\":\"https:\/\/behr.sk\/citroen\/trnava\/#website\",\"url\":\"https:\/\/behr.sk\/citroen\/trnava\/\",\"name\":\"Citroen BEHR Trnava\",\"description\":\"\",\"potentialAction\":[{\"@type\":\"SearchAction\",\"target\":{\"@type\":\"EntryPoint\",\"urlTemplate\":\"https:\/\/behr.sk\/citroen\/trnava\/?s={search_term_string}\"},\"query-input\":{\"@type\":\"PropertyValueSpecification\",\"valueRequired\":true,\"valueName\":\"search_term_string\"}}],\"inLanguage\":\"sk-SK\"}]}<\/script>\n<!-- \/ Yoast SEO plugin. -->","yoast_head_json":{"title":"Citro\u00ebn Berlingo MAX BlueHdi 130 BVM6 - Citroen BEHR Trnava","robots":{"index":"index","follow":"follow","max-snippet":"max-snippet:-1","max-image-preview":"max-image-preview:large","max-video-preview":"max-video-preview:-1"},"canonical":"https:\/\/behr.sk\/citroen\/trnava\/produkt\/citroen-berlingo-max-bluehdi-130-bvm6\/","og_locale":"sk_SK","og_type":"article","og_title":"Citro\u00ebn Berlingo MAX BlueHdi 130 BVM6 - Citroen BEHR Trnava","og_description":"ABS, Airbagy &#8211; po\u010det, ASR, Brzdov\u00fd asistent, Centr\u00e1lne zamykanie, ESP, Imobiliz\u00e9r, Isofix, Asistent rozpozn\u00e1vania dopravn\u00fdch zna\u010diek (ISLW\/ISLA), Syst\u00e9m ties\u0148ov\u00e9ho volania (e-Call), Autor\u00e1dio, Bezk\u013e\u00fa\u010dov\u00e9 otv\u00e1ranie dver\u00ed, Bezk\u013e\u00fa\u010dov\u00e9 \u0161tartovanie, Bluetooth handsfree, Dotykov\u00fd displej, Elektrick\u00e9 okn\u00e1, Elektrick\u00e9 zrkadl\u00e1, F\u00f3lie, Klimatiz\u00e1cia, Lak\u0165ov\u00e1 opierka, LED svetlomety, LED svietenie, Multifunk\u010dn\u00fd volant, Palubn\u00fd po\u010d\u00edta\u010d, Parkovacie senzory, Tempomat, Vyhrievan\u00e9 seda\u010dky, Vyhrievan\u00e9 zrkadl\u00e1, Vyhrievan\u00fd...","og_url":"https:\/\/behr.sk\/citroen\/trnava\/produkt\/citroen-berlingo-max-bluehdi-130-bvm6\/","og_site_name":"Citroen BEHR Trnava","article_modified_time":"2026-04-22T02:02:09+00:00","og_image":[{"width":1440,"height":1080,"url":"https:\/\/behr.sk\/citroen\/trnava\/wp-content\/uploads\/sites\/2\/2026\/04\/mSDBt3KL7_fss-1.jpeg","type":"image\/jpeg"}],"twitter_card":"summary_large_image","schema":{"@context":"https:\/\/schema.org","@graph":[{"@type":"WebPage","@id":"https:\/\/behr.sk\/citroen\/trnava\/produkt\/citroen-berlingo-max-bluehdi-130-bvm6\/","url":"https:\/\/behr.sk\/citroen\/trnava\/produkt\/citroen-berlingo-max-bluehdi-130-bvm6\/","name":"Citro\u00ebn Berlingo MAX BlueHdi 130 BVM6 - Citroen BEHR Trnava","isPartOf":{"@id":"https:\/\/behr.sk\/citroen\/trnava\/#website"},"primaryImageOfPage":{"@id":"https:\/\/behr.sk\/citroen\/trnava\/produkt\/citroen-berlingo-max-bluehdi-130-bvm6\/#primaryimage"},"image":{"@id":"https:\/\/behr.sk\/citroen\/trnava\/produkt\/citroen-berlingo-max-bluehdi-130-bvm6\/#primaryimage"},"thumbnailUrl":"https:\/\/behr.sk\/citroen\/trnava\/wp-content\/uploads\/sites\/2\/2026\/04\/mSDBt3KL7_fss-1.jpeg","datePublished":"2026-04-22T02:02:08+00:00","dateModified":"2026-04-22T02:02:09+00:00","breadcrumb":{"@id":"https:\/\/behr.sk\/citroen\/trnava\/produkt\/citroen-berlingo-max-bluehdi-130-bvm6\/#breadcrumb"},"inLanguage":"sk-SK","potentialAction":[{"@type":"ReadAction","target":["https:\/\/behr.sk\/citroen\/trnava\/produkt\/citroen-berlingo-max-bluehdi-130-bvm6\/"]}]},{"@type":"ImageObject","inLanguage":"sk-SK","@id":"https:\/\/behr.sk\/citroen\/trnava\/produkt\/citroen-berlingo-max-bluehdi-130-bvm6\/#primaryimage","url":"https:\/\/behr.sk\/citroen\/trnava\/wp-content\/uploads\/sites\/2\/2026\/04\/mSDBt3KL7_fss-1.jpeg","contentUrl":"https:\/\/behr.sk\/citroen\/trnava\/wp-content\/uploads\/sites\/2\/2026\/04\/mSDBt3KL7_fss-1.jpeg","width":1440,"height":1080},{"@type":"BreadcrumbList","@id":"https:\/\/behr.sk\/citroen\/trnava\/produkt\/citroen-berlingo-max-bluehdi-130-bvm6\/#breadcrumb","itemListElement":[{"@type":"ListItem","position":1,"name":"Produkty","item":"https:\/\/behr.sk\/citroen\/trnava\/obchod\/"},{"@type":"ListItem","position":2,"name":"Citro\u00ebn Berlingo MAX BlueHdi 130 BVM6"}]},{"@type":"WebSite","@id":"https:\/\/behr.sk\/citroen\/trnava\/#website","url":"https:\/\/behr.sk\/citroen\/trnava\/","name":"Citroen BEHR Trnava","description":"","potentialAction":[{"@type":"SearchAction","target":{"@type":"EntryPoint","urlTemplate":"https:\/\/behr.sk\/citroen\/trnava\/?s={search_term_string}"},"query-input":{"@type":"PropertyValueSpecification","valueRequired":true,"valueName":"search_term_string"}}],"inLanguage":"sk-SK"}]}},"_links":{"self":[{"href":"https:\/\/behr.sk\/citroen\/trnava\/wp-json\/wp\/v2\/product\/643505","targetHints":{"allow":["GET"]}}],"collection":[{"href":"https:\/\/behr.sk\/citroen\/trnava\/wp-json\/wp\/v2\/product"}],"about":[{"href":"https:\/\/behr.sk\/citroen\/trnava\/wp-json\/wp\/v2\/types\/product"}],"wp:featuredmedia":[{"embeddable":true,"href":"https:\/\/behr.sk\/citroen\/trnava\/wp-json\/wp\/v2\/media\/643515"}],"wp:attachment":[{"href":"https:\/\/behr.sk\/citroen\/trnava\/wp-json\/wp\/v2\/media?parent=643505"}],"wp:term":[{"taxonomy":"product_cat","embeddable":true,"href":"https:\/\/behr.sk\/citroen\/trnava\/wp-json\/wp\/v2\/product_cat?post=643505"},{"taxonomy":"product_tag","embeddable":true,"href":"https:\/\/behr.sk\/citroen\/trnava\/wp-json\/wp\/v2\/product_tag?post=643505"}],"curies":[{"name":"wp","href":"https:\/\/api.w.org\/{rel}","templated":true}]}}